{"id":4,"date":"2021-04-12T00:19:56","date_gmt":"2021-04-11T22:19:56","guid":{"rendered":"https:\/\/llefia.org\/stopcasesapostes\/?page_id=4"},"modified":"2021-04-20T00:36:13","modified_gmt":"2021-04-19T22:36:13","slug":"manifest-de-rebuig-a-lobertura-dun-local-de-jocs-datzar-i-bingo-a-llefia","status":"publish","type":"page","link":"https:\/\/llefia.org\/stopcasesapostes\/manifest-de-rebuig-a-lobertura-dun-local-de-jocs-datzar-i-bingo-a-llefia\/","title":{"rendered":"Manifest de rebuig a l&#8217;obertura d&#8217;un local de jocs d&#8217;atzar i bingo a Llefi\u00e0"},"content":{"rendered":"\n<p>Les entitats sotasignats manifestem la profunda preocupaci\u00f3 i una un\u00e0nime disconformitat amb la pr\u00f2xima obertura d&#8217;un local de jocs d&#8217;atzar i un bingo al local de la comunitat de propietaris situat a av. Alfons XIII, 364-366.<\/p>\n\n\n\n<p>En el nostre coneixement est\u00e0 l&#8217;autoritzaci\u00f3 expressa de la Generalitat a l&#8217;obertura d&#8217;aquest local (data i n\u00fam. D&#8217;entrada 2020.12.01 (18:17:03) 9.015-2.049.597 \/ 2020).<\/p>\n\n\n\n<p>Considerem que l\u2019activitat comercial que es dur\u00e0 a terme en aquest local implicar\u00e0 conseq\u00fc\u00e8ncies negatives per als ve\u00efns del barri. Les activitats relacionades amb les apostes i els jocs d&#8217;atzar poden comportar problemes d&#8217;ordre p\u00fablic seriosos, increment dels problemes de conviv\u00e8ncia ve\u00efnal i mol\u00e8sties i sorolls per als ve\u00efns que viuen a la mateixa comunitat del local. A m\u00e9s, aquest tipus d&#8217;activitat pot tenir efectes adversos en l\u2019economia de comer\u00e7os del barri.<\/p>\n\n\n\n<p>Segons el decret 163\/2015 de 21 de juliol al DOGC n\u00fam. 6919-23\/7\/2015, en relaci\u00f3 al reglament en mat\u00e8ria de joc: &#8230;\u201ds\u2019estableix la no autoritzaci\u00f3 d\u2019instal\u00b7laci\u00f3 quan en el radi de 1.000 metres on es vol instal\u00b7lar ja n\u2019existeix un d\u2019anterior\u201d. Doncs al centre comercial M\u00e0gic hi ha un sal\u00f3 de jocs i un altre m\u00e9s recent al barri de Gorg.<\/p>\n\n\n\n<p>Aquest \u00e9s un barri de fam\u00edlies vulnerables on predomina la precarietat, fam\u00edlies que es poden veure immerses en xacra associada amb l\u2019addicci\u00f3 a les apostes i els jocs d&#8217;atzar. La pres\u00e8ncia del local fomenta la ludopatia entre la poblaci\u00f3 i especialment en la joventut indefensa, a m\u00e9s est\u00e0 situat a pocs metres d\u2019un centre de Salut Mental.<\/p>\n\n\n\n<p>Per tot aix\u00f2, estem en contra de l\u2019obertura del local de jocs d\u2019atzar i bingo. Cliqueu <a rel=\"noreferrer noopener\" href=\"https:\/\/llefia.org\/stopcasesapostes\/adhesio-entitats\/\" data-type=\"page\" data-id=\"60\" target=\"_blank\"><strong>aqu\u00ed<\/strong> <\/a>si us voleu adherir.<\/p>\n\n\n\n<p>Entitats signants<\/p>\n\n\n\n<ul id=\"block-55b45b63-7c9b-4958-868c-2d73dd867662\"><li>AVV Sant Mori de Llefi\u00e0<\/li><li>AVV Joan Valera<\/li><li>AVV Sant Antoni de Llefi\u00e0<\/li><li>AVV Gran Sol de Llefi\u00e0<\/li><li>AVV Ronda Sant Antoni<\/li><li>AVV Sant Joan de Llefi\u00e0 Alt<\/li><li>AVV Virgen de la Salud<\/li><li>AVV la Pau<\/li><li>AVV la Morera\u00a0<\/li><li>AVV Montigal\u00e0<\/li><li>AVV Centre Badalona<\/li><li>AVV Bufal\u00e0<\/li><li>AVV Coll i Pujol<\/li><li>AVV Canyet<\/li><li>AVV Sant Roc<\/li><li>AVV Nova Lloreda Nord<\/li><li>Federaci\u00f3 d&#8217;Associacions de Ve\u00efns i Ve\u00efnes de Badalona<\/li><li>Associaci\u00f3 d&#8217;Esports de Muntanya de Llefi\u00e0<\/li><li>Cercle Art\u00edstic Cultural de Llefi\u00e0<\/li><li>Llefi@Net Xarxa Ciutadana<\/li><li>Grup de Diables Kapaoltis<\/li><li>Arxiu Hist\u00f2ric de Llefi\u00e0<\/li><li>Dones de Llefi\u00e0<\/li><li>AMPA Institut Julia Minguell<\/li><li>PAH BDN- Plataforma d&#8217;Afectats per la Hipoteca de Badalona<\/li><li>PAC. Plataforma Afectados por la Crisis<\/li><li>Amics de La Salut<\/li><li>Badalona pel Clima<\/li><li>Comunitat de propietaris C\/ Alfonso XIII 352-354<\/li><li>Comunitat de propietaris C\/ Alfonso XIII 356<\/li><li>Comunitat de propietaris C\/ Alfonso XIII 360<\/li><li>Comunitat de propietaris C\/ Alfonso XIII 362<\/li><li>Comunitat de propietaris C\/Alfonso XIII 382<\/li><li>Comunitat de propietaris C\/Alfonso XIII 378<\/li><li>Comunitat de propietaris C\/ Alfonso XIII 364<\/li><li>\u00d2mnium Cultural Barcelon\u00e8s Nord<\/li><li>Esplai Xirusplai<\/li><li>Espai Social Badalona Llefi\u00e0<\/li><li>Casal d\u2019amistat amb Cuba de Badalona<\/li><li>Equip de Pastoral Obrera de Badalona<\/li><li>Sindicat d&#8217; Estudiants<\/li><li>Guanyem Badalona En Com\u00fa<\/li><li>Esquerra Revolucion\u00e0ria<\/li><li>Anticapitalistes<\/li><li>Izquierda En Positivo<\/li><li>Plataforma Antifeixista de Badalona<\/li><li>Komando Badalona<\/li><li>Podem Badalona<\/li><li>CUP Badalona<\/li><\/ul>\n","protected":false},"excerpt":{"rendered":"<p>Les entitats sotasignats manifestem la profunda preocupaci\u00f3 i una un\u00e0nime disconformitat amb la pr\u00f2xima obertura d&#8217;un local de jocs d&#8217;atzar i un bingo al local de la comunitat de propietaris situat a av. Alfons XIII, 364-366. En el nostre coneixement est\u00e0 l&#8217;autoritzaci\u00f3 expressa de la Generalitat a l&#8217;obertura d&#8217;aquest local (data i n\u00fam. D&#8217;entrada 2020.12.01&hellip; <a class=\"more-link\" href=\"https:\/\/llefia.org\/stopcasesapostes\/manifest-de-rebuig-a-lobertura-dun-local-de-jocs-datzar-i-bingo-a-llefia\/\">Continueu llegint <span class=\"screen-reader-text\">Manifest de rebuig a l&#8217;obertura d&#8217;un local de jocs d&#8217;atzar i bingo a Llefi\u00e0<\/span><\/a><\/p>\n","protected":false},"author":15,"featured_media":0,"parent":0,"menu_order":0,"comment_status":"closed","ping_status":"closed","template":"","meta":[],"_links":{"self":[{"href":"https:\/\/llefia.org\/stopcasesapostes\/wp-json\/wp\/v2\/pages\/4"}],"collection":[{"href":"https:\/\/llefia.org\/stopcasesapostes\/wp-json\/wp\/v2\/pages"}],"about":[{"href":"https:\/\/llefia.org\/stopcasesapostes\/wp-json\/wp\/v2\/types\/page"}],"author":[{"embeddable":true,"href":"https:\/\/llefia.org\/stopcasesapostes\/wp-json\/wp\/v2\/users\/15"}],"replies":[{"embeddable":true,"href":"https:\/\/llefia.org\/stopcasesapostes\/wp-json\/wp\/v2\/comments?post=4"}],"version-history":[{"count":16,"href":"https:\/\/llefia.org\/stopcasesapostes\/wp-json\/wp\/v2\/pages\/4\/revisions"}],"predecessor-version":[{"id":153,"href":"https:\/\/llefia.org\/stopcasesapostes\/wp-json\/wp\/v2\/pages\/4\/revisions\/153"}],"wp:attachment":[{"href":"https:\/\/llefia.org\/stopcasesapostes\/wp-json\/wp\/v2\/media?parent=4"}],"curies":[{"name":"wp","href":"https:\/\/api.w.org\/{rel}","templated":true}]}}