{"id":60,"date":"2021-04-13T23:46:01","date_gmt":"2021-04-13T21:46:01","guid":{"rendered":"https:\/\/llefia.org\/stopcasesapostes\/?page_id=60"},"modified":"2021-04-14T01:13:22","modified_gmt":"2021-04-13T23:13:22","slug":"adhesio-entitats","status":"publish","type":"page","link":"https:\/\/llefia.org\/stopcasesapostes\/adhesio-entitats\/","title":{"rendered":"Adhesi\u00f3 entitats"},"content":{"rendered":"\n<center><iframe loading=\"lazy\" src=\"https:\/\/docs.google.com\/forms\/d\/e\/1FAIpQLSdEuBGUCeLBBuDL75wb1CxcnQf3bD6FCwDqZyNKSO43f_uW3A\/viewform?embedded=true\" width=\"640\" height=\"1115\" frameborder=\"0\" marginheight=\"0\" marginwidth=\"0\">Cargando\u2026<\/iframe> <\/center>\n\n\n\n<p class=\"has-text-align-left\">Conforme amb all\u00f2 establert al Reglament (UE) 2016\/679 del Parlament Europeu i del Consell de 27 d&#8217;abril de 2016 (&#8220;RGPD&#8221;) i la seva normativa de desenvolupament, informem que les dades incloses en aquest formulari s&#8217;incorporaran a un fitxer propietat de Llefi@Net Xarxa Ciutadana, amb la finalitat de cursar aquesta sol\u00b7licitud d&#8217;adhesi\u00f3 i enviar informaci\u00f3 relativa a la campanya. Al enviar aquest formulari, consentiu expressament i autoritzeu perqu\u00e8 es tractin les dades personals amb les finalitats exposades. Podeu exercir els vostres drets d&#8217;acc\u00e9s, rectificaci\u00f3, portabilitat, cancel\u00b7laci\u00f3 i oposici\u00f3 enviant un mail a llefia(a)llefia.org.<\/p>\n","protected":false},"excerpt":{"rendered":"<p>Cargando\u2026 Conforme amb all\u00f2 establert al Reglament (UE) 2016\/679 del Parlament Europeu i del Consell de 27 d&#8217;abril de 2016 (&#8220;RGPD&#8221;) i la seva normativa de desenvolupament, informem que les dades incloses en aquest formulari s&#8217;incorporaran a un fitxer propietat de Llefi@Net Xarxa Ciutadana, amb la finalitat de cursar aquesta sol\u00b7licitud d&#8217;adhesi\u00f3 i enviar informaci\u00f3&hellip; <a class=\"more-link\" href=\"https:\/\/llefia.org\/stopcasesapostes\/adhesio-entitats\/\">Continueu llegint <span class=\"screen-reader-text\">Adhesi\u00f3 entitats<\/span><\/a><\/p>\n","protected":false},"author":15,"featured_media":0,"parent":0,"menu_order":0,"comment_status":"closed","ping_status":"closed","template":"","meta":[],"_links":{"self":[{"href":"https:\/\/llefia.org\/stopcasesapostes\/wp-json\/wp\/v2\/pages\/60"}],"collection":[{"href":"https:\/\/llefia.org\/stopcasesapostes\/wp-json\/wp\/v2\/pages"}],"about":[{"href":"https:\/\/llefia.org\/stopcasesapostes\/wp-json\/wp\/v2\/types\/page"}],"author":[{"embeddable":true,"href":"https:\/\/llefia.org\/stopcasesapostes\/wp-json\/wp\/v2\/users\/15"}],"replies":[{"embeddable":true,"href":"https:\/\/llefia.org\/stopcasesapostes\/wp-json\/wp\/v2\/comments?post=60"}],"version-history":[{"count":14,"href":"https:\/\/llefia.org\/stopcasesapostes\/wp-json\/wp\/v2\/pages\/60\/revisions"}],"predecessor-version":[{"id":103,"href":"https:\/\/llefia.org\/stopcasesapostes\/wp-json\/wp\/v2\/pages\/60\/revisions\/103"}],"wp:attachment":[{"href":"https:\/\/llefia.org\/stopcasesapostes\/wp-json\/wp\/v2\/media?parent=60"}],"curies":[{"name":"wp","href":"https:\/\/api.w.org\/{rel}","templated":true}]}}