{"id":84,"date":"2021-04-14T00:30:12","date_gmt":"2021-04-13T22:30:12","guid":{"rendered":"https:\/\/llefia.org\/stopcasesapostes\/?page_id=84"},"modified":"2021-04-14T00:30:13","modified_gmt":"2021-04-13T22:30:13","slug":"qui-som","status":"publish","type":"page","link":"https:\/\/llefia.org\/stopcasesapostes\/qui-som\/","title":{"rendered":"Qui som?"},"content":{"rendered":"\n<p>Som ve\u00efnes, ve\u00efns, entitats ve\u00efnals, culturals, socials i organitzacions que manifestem profunda preocupaci\u00f3 i una un\u00e0nime disconformitat amb la pr\u00f2xima obertura d\u2019un local de jocs d\u2019atzar i un bingo al local de la comunitat de propietaris situat a av. Alfons XIII, 364-366.<\/p>\n\n\n\n<p>Considerem que l\u2019activitat comercial que es dur\u00e0 a terme en aquest local implicar\u00e0 conseq\u00fc\u00e8ncies negatives per als ve\u00efns del barri. Les activitats relacionades amb les apostes i els jocs d\u2019atzar poden comportar problemes d\u2019ordre p\u00fablic seriosos, increment dels problemes de conviv\u00e8ncia ve\u00efnal i mol\u00e8sties i sorolls per als ve\u00efns que viuen a la mateixa comunitat del local. A m\u00e9s, aquest tipus d\u2019activitat pot tenir efectes adversos en l\u2019economia de comer\u00e7os del barri.<\/p>\n\n\n\n<p>Aquest \u00e9s un barri de fam\u00edlies vulnerables on predomina la precarietat, fam\u00edlies que es poden veure immerses en una espiral d&#8217;empobriment i en la xacra associada amb l\u2019addicci\u00f3 a les apostes i els jocs d\u2019atzar. La pres\u00e8ncia del local fomenta la ludopatia entre la poblaci\u00f3 i especialment en la joventut, a m\u00e9s est\u00e0 situat a pocs metres d\u2019un centre de Salut Mental.  En contraposici\u00f3 amb aquesta activitat econ\u00f2mica i d&#8217;oci nociu volem impulsar el benestar al barri i a la ciutat, amb m\u00e9s equipaments socials, esportius i m\u00e9s cultura i oci sa.<\/p>\n","protected":false},"excerpt":{"rendered":"<p>Som ve\u00efnes, ve\u00efns, entitats ve\u00efnals, culturals, socials i organitzacions que manifestem profunda preocupaci\u00f3 i una un\u00e0nime disconformitat amb la pr\u00f2xima obertura d\u2019un local de jocs d\u2019atzar i un bingo al local de la comunitat de propietaris situat a av. Alfons XIII, 364-366. Considerem que l\u2019activitat comercial que es dur\u00e0 a terme en aquest local implicar\u00e0&hellip; <a class=\"more-link\" href=\"https:\/\/llefia.org\/stopcasesapostes\/qui-som\/\">Continueu llegint <span class=\"screen-reader-text\">Qui som?<\/span><\/a><\/p>\n","protected":false},"author":15,"featured_media":0,"parent":0,"menu_order":0,"comment_status":"closed","ping_status":"closed","template":"","meta":[],"_links":{"self":[{"href":"https:\/\/llefia.org\/stopcasesapostes\/wp-json\/wp\/v2\/pages\/84"}],"collection":[{"href":"https:\/\/llefia.org\/stopcasesapostes\/wp-json\/wp\/v2\/pages"}],"about":[{"href":"https:\/\/llefia.org\/stopcasesapostes\/wp-json\/wp\/v2\/types\/page"}],"author":[{"embeddable":true,"href":"https:\/\/llefia.org\/stopcasesapostes\/wp-json\/wp\/v2\/users\/15"}],"replies":[{"embeddable":true,"href":"https:\/\/llefia.org\/stopcasesapostes\/wp-json\/wp\/v2\/comments?post=84"}],"version-history":[{"count":1,"href":"https:\/\/llefia.org\/stopcasesapostes\/wp-json\/wp\/v2\/pages\/84\/revisions"}],"predecessor-version":[{"id":85,"href":"https:\/\/llefia.org\/stopcasesapostes\/wp-json\/wp\/v2\/pages\/84\/revisions\/85"}],"wp:attachment":[{"href":"https:\/\/llefia.org\/stopcasesapostes\/wp-json\/wp\/v2\/media?parent=84"}],"curies":[{"name":"wp","href":"https:\/\/api.w.org\/{rel}","templated":true}]}}