{"id":96,"date":"2021-04-14T00:57:00","date_gmt":"2021-04-13T22:57:00","guid":{"rendered":"https:\/\/llefia.org\/stopcasesapostes\/?page_id=96"},"modified":"2021-04-20T00:35:36","modified_gmt":"2021-04-19T22:35:36","slug":"entitats-adherides","status":"publish","type":"page","link":"https:\/\/llefia.org\/stopcasesapostes\/entitats-adherides\/","title":{"rendered":"Entitats adherides"},"content":{"rendered":"\n<p>Entitats signants del manifest en contra de l&#8217;obertura de local de jocs d&#8217;atzar i bingo a Llefi\u00e0 i a Badalona:<\/p>\n\n\n\n<ul><li>AVV Sant Mori de Llefi\u00e0<\/li><li>AVV Joan Valera<\/li><li>AVV Sant Antoni de Llefi\u00e0<\/li><li>AVV Gran Sol de Llefi\u00e0<\/li><li>AVV Ronda Sant Antoni<\/li><li>AVV Sant Joan de Llefi\u00e0 Alt<\/li><li>AVV Virgen de la Salud<\/li><li>AVV la Pau<\/li><li>AVV la Morera\u00a0<\/li><li>AVV Montigal\u00e0<\/li><li>AVV Centre Badalona<\/li><li>AVV Bufal\u00e0<\/li><li>AVV Coll i Pujol<\/li><li>AVV Canyet<\/li><li>AVV Sant Roc<\/li><li>AVV Nova Lloreda Nord<\/li><li>Federaci\u00f3 d&#8217;Associacions de Ve\u00efns i Ve\u00efnes de Badalona<\/li><li>Associaci\u00f3 d&#8217;Esports de Muntanya de Llefi\u00e0<\/li><li>Cercle Art\u00edstic Cultural de Llefi\u00e0<\/li><li>Llefi@Net Xarxa Ciutadana<\/li><li>Grup de Diables Kapaoltis<\/li><li>Arxiu Hist\u00f2ric de Llefi\u00e0<\/li><li>Dones de Llefi\u00e0<\/li><li>AMPA Institut Julia Minguell<\/li><li>PAH BDN- Plataforma d&#8217;Afectats per la Hipoteca de Badalona<\/li><li>PAC. Plataforma Afectados por la Crisis<\/li><li>Amics de La Salut<\/li><li>Badalona pel Clima<\/li><li>Comunitat de propietaris C\/ Alfonso XIII 352-354<\/li><li>Comunitat de propietaris C\/ Alfonso XIII 356<\/li><li>Comunitat de propietaris C\/ Alfonso XIII 360<\/li><li>Comunitat de propietaris C\/ Alfonso XIII 362<\/li><li>Comunitat de propietaris C\/Alfonso XIII 382<\/li><li>Comunitat de propietaris C\/Alfonso XIII 378<\/li><li>Comunitat de propietaris C\/ Alfonso XIII 364<\/li><li>\u00d2mnium Cultural Barcelon\u00e8s Nord<\/li><li>Esplai Xirusplai<\/li><li>Espai Social Badalona Llefi\u00e0<\/li><li>Casal d\u2019amistat amb Cuba de Badalona<\/li><li>Equip de Pastoral Obrera de Badalona<\/li><li>Sindicat d&#8217; Estudiants<\/li><li>Guanyem Badalona En Com\u00fa<\/li><li>Esquerra Revolucion\u00e0ria<\/li><li>Anticapitalistes<\/li><li>Izquierda En Positivo<\/li><li>Plataforma Antifeixista de Badalona<\/li><li>Komando Badalona<\/li><li>Podem Badalona<\/li><li>CUP Badalona<\/li><\/ul>\n","protected":false},"excerpt":{"rendered":"<p>Entitats signants del manifest en contra de l&#8217;obertura de local de jocs d&#8217;atzar i bingo a Llefi\u00e0 i a Badalona: AVV Sant Mori de Llefi\u00e0 AVV Joan Valera AVV Sant Antoni de Llefi\u00e0 AVV Gran Sol de Llefi\u00e0 AVV Ronda Sant Antoni AVV Sant Joan de Llefi\u00e0 Alt AVV Virgen de la Salud AVV la&hellip; <a class=\"more-link\" href=\"https:\/\/llefia.org\/stopcasesapostes\/entitats-adherides\/\">Continueu llegint <span class=\"screen-reader-text\">Entitats adherides<\/span><\/a><\/p>\n","protected":false},"author":15,"featured_media":0,"parent":0,"menu_order":0,"comment_status":"closed","ping_status":"closed","template":"","meta":[],"_links":{"self":[{"href":"https:\/\/llefia.org\/stopcasesapostes\/wp-json\/wp\/v2\/pages\/96"}],"collection":[{"href":"https:\/\/llefia.org\/stopcasesapostes\/wp-json\/wp\/v2\/pages"}],"about":[{"href":"https:\/\/llefia.org\/stopcasesapostes\/wp-json\/wp\/v2\/types\/page"}],"author":[{"embeddable":true,"href":"https:\/\/llefia.org\/stopcasesapostes\/wp-json\/wp\/v2\/users\/15"}],"replies":[{"embeddable":true,"href":"https:\/\/llefia.org\/stopcasesapostes\/wp-json\/wp\/v2\/comments?post=96"}],"version-history":[{"count":9,"href":"https:\/\/llefia.org\/stopcasesapostes\/wp-json\/wp\/v2\/pages\/96\/revisions"}],"predecessor-version":[{"id":152,"href":"https:\/\/llefia.org\/stopcasesapostes\/wp-json\/wp\/v2\/pages\/96\/revisions\/152"}],"wp:attachment":[{"href":"https:\/\/llefia.org\/stopcasesapostes\/wp-json\/wp\/v2\/media?parent=96"}],"curies":[{"name":"wp","href":"https:\/\/api.w.org\/{rel}","templated":true}]}}