{"id":217,"date":"2016-09-20T15:43:26","date_gmt":"2016-09-20T15:43:26","guid":{"rendered":"http:\/\/llefia.org\/blog\/CEELL\/?page_id=217"},"modified":"2022-05-03T22:00:13","modified_gmt":"2022-05-03T22:00:13","slug":"on-som","status":"publish","type":"page","link":"https:\/\/llefia.org\/wpaem\/on-som\/","title":{"rendered":"On som?"},"content":{"rendered":"<p>Si ens vols con\u00e8ixer f\u00edsicament, ens pots trobar tots els divendres de 19 a 20h al nostre <a href=\"https:\/\/www.google.es\/maps\/place\/Carrer+d'Europa,+14,+08913+Santa+Coloma+de+Gramenet,+Barcelona\/@41.4386937,2.2155787,17z\/data=!3m1!4b1!4m5!3m4!1s0x12a4bca23e1961ed:0xdbe755ce9b283053!8m2!3d41.4386897!4d2.2177674\" target=\"_blank\" rel=\"noopener noreferrer\">local social<\/a> situat a la AVV de Sant Antoni de Llefi\u00e0, Badalona.<\/p>\n<p>Pots enviar-nos tamb\u00e9 un email a aem[arroba]llefia.org<\/p>\n<p>Si ens vols seguir per les xarxes:<\/p>\n<table>\n<tbody>\n<tr>\n<td><a href=\"https:\/\/www.youtube.com\/channel\/UCkIDbsmed2PpS8lm7_fR2xg\" target=\"_blank\" rel=\"noopener noreferrer\"><img loading=\"lazy\" class=\"alignleft wp-image-210 size-full\" src=\"http:\/\/llefia.org\/wpceell\/wp-content\/uploads\/sites\/16\/2016\/09\/youtube.jpg\" alt=\"youtube\" width=\"120\" height=\"67\" \/><\/a><a href=\"https:\/\/www.facebook.com\/ceellefia\/\" target=\"_blank\" rel=\"noopener noreferrer\" class=\"broken_link\"><img loading=\"lazy\" class=\"alignleft wp-image-209 size-full\" src=\"http:\/\/llefia.org\/wpceell\/wp-content\/uploads\/sites\/16\/2016\/09\/siguenos.png\" alt=\"siguenos\" width=\"150\" height=\"52\" \/><\/a><a href=\"https:\/\/twitter.com\/AEMllefia\" target=\"_blank\" rel=\"noopener noreferrer\"><img loading=\"lazy\" class=\"alignleft wp-image-224 size-full\" src=\"http:\/\/llefia.org\/wpaem\/wp-content\/uploads\/sites\/16\/2016\/09\/tweet.jpg\" alt=\"tweet\" width=\"120\" height=\"63\" \/><\/a><\/td>\n<td><\/td>\n<td data-wp-editing=\"1\"><\/td>\n<\/tr>\n<\/tbody>\n<\/table>\n<p>Us esperem!<\/p>\n","protected":false},"excerpt":{"rendered":"<p>Si ens vols con\u00e8ixer f\u00edsicament, ens pots trobar tots els divendres de 19 a 20h al nostre local social situat a la AVV de Sant Antoni de Llefi\u00e0, Badalona. Pots enviar-nos tamb\u00e9 un email a aem[arroba]llefia.org Si ens vols seguir per les xarxes: Us esperem!<\/p>\n","protected":false},"author":1,"featured_media":0,"parent":0,"menu_order":0,"comment_status":"closed","ping_status":"closed","template":"","meta":[],"_links":{"self":[{"href":"https:\/\/llefia.org\/wpaem\/wp-json\/wp\/v2\/pages\/217"}],"collection":[{"href":"https:\/\/llefia.org\/wpaem\/wp-json\/wp\/v2\/pages"}],"about":[{"href":"https:\/\/llefia.org\/wpaem\/wp-json\/wp\/v2\/types\/page"}],"author":[{"embeddable":true,"href":"https:\/\/llefia.org\/wpaem\/wp-json\/wp\/v2\/users\/1"}],"replies":[{"embeddable":true,"href":"https:\/\/llefia.org\/wpaem\/wp-json\/wp\/v2\/comments?post=217"}],"version-history":[{"count":3,"href":"https:\/\/llefia.org\/wpaem\/wp-json\/wp\/v2\/pages\/217\/revisions"}],"predecessor-version":[{"id":668,"href":"https:\/\/llefia.org\/wpaem\/wp-json\/wp\/v2\/pages\/217\/revisions\/668"}],"wp:attachment":[{"href":"https:\/\/llefia.org\/wpaem\/wp-json\/wp\/v2\/media?parent=217"}],"curies":[{"name":"wp","href":"https:\/\/api.w.org\/{rel}","templated":true}]}}