{"id":24,"date":"2016-05-04T14:17:36","date_gmt":"2016-05-04T14:17:36","guid":{"rendered":"http:\/\/llefia.org\/blog\/cell\/?page_id=24"},"modified":"2020-05-17T18:15:56","modified_gmt":"2020-05-17T18:15:56","slug":"qui-som","status":"publish","type":"page","link":"https:\/\/llefia.org\/wpaem\/qui-som\/","title":{"rendered":"Qui som?"},"content":{"rendered":"<p>L&#8217;origen de l&#8217;entitat es remunta a mitjans dels anys 80 del segle passat, quan es va fundar el Centre Excursionista de Llefi\u00e0 (CE<span class=\"hiddenSpellError\">LL<\/span>). En 1993 l&#8217;entitat va canviar de nom denominant-se Associaci\u00f3 d&#8217;Esports de Muntanya de Llefi\u00e0 (AEM) romanent activa fins a 2012.<\/p>\n<p>En 2016 es van incorporar nous membres amb noves inquietuds i es va decidir impulsar l&#8217;entitat amb la marca Club Excursionista i Escalada Llefi\u00e0 (CEELL) amb la il\u00b7lusi\u00f3, comprom\u00eds i dedicaci\u00f3 de fomentar l&#8217;esport de muntanya al barri de Llefi\u00e0, igual que els primers fundadors que van posar tota la seva passi\u00f3 i il\u00b7lusi\u00f3 per aquest esport.<\/p>\n<p>En aquesta etapa es va voler fer arribar el comprom\u00eds dels seus membres a tots els nivells, des d&#8217;iniciar als m\u00e9s petits fins a compartir experi\u00e8ncies amb els m\u00e9s veterans oferint al soci la possibilitat de practicar els diferents esports a l&#8217;aire lliure tals com; senderisme, escalada, vies ferrades, espeleologia i barranquisme, tot aix\u00f2 emmarcat en el respecte a la natura i el foment de la vida sana a m\u00e9s d&#8217;un llarg etc\u00e8tera de diversi\u00f3 i aprenentatge en els entorns m\u00e9s espectaculars que pugueu imaginar.<\/p>\n<p>L&#8217;any 2016 es va celebrar la primera edici\u00f3 de la #LlefiaCamina, una caminada popular oberta a la participaci\u00f3 de tota la gent del barri que ha tingut un \u00e8xit consolidat al llarg del anys<\/p>\n<p>Al 2020 un nou grup d&#8217;apasionats per la muntanya, l&#8217;esport i les activitats esportives reprenem l&#8217;activitat de l&#8217;Associaci\u00f3 d&#8217;Esports de Muntanya (AEM) carregats amb l&#8217;il\u00b7lusi\u00f3 d&#8217;apropar noves experi\u00e8ncies a tot el barri de Llefi\u00e0.<\/p>\n<p>Ens far\u00e0 enormement feli\u00e7os compartir les nostres experi\u00e8ncies amb vosaltres.<\/p>\n<p>Fins aviat!!!<\/p>\n<p>Salut i Muntanya.<\/p>\n","protected":false},"excerpt":{"rendered":"<p>L&#8217;origen de l&#8217;entitat es remunta a mitjans dels anys 80 del segle passat, quan es va fundar el Centre Excursionista de Llefi\u00e0 (CELL). En 1993 l&#8217;entitat va canviar de nom denominant-se Associaci\u00f3 d&#8217;Esports de Muntanya de Llefi\u00e0 (AEM) romanent activa fins a 2012. En 2016 es van incorporar nous membres amb noves inquietuds i es &hellip; <\/p>\n<p class=\"link-more\"><a href=\"https:\/\/llefia.org\/wpaem\/qui-som\/\" class=\"more-link\">Continuar leyendo<span class=\"screen-reader-text\"> \u00abQui som?\u00bb<\/span><\/a><\/p>\n","protected":false},"author":1,"featured_media":0,"parent":0,"menu_order":0,"comment_status":"closed","ping_status":"closed","template":"","meta":[],"_links":{"self":[{"href":"https:\/\/llefia.org\/wpaem\/wp-json\/wp\/v2\/pages\/24"}],"collection":[{"href":"https:\/\/llefia.org\/wpaem\/wp-json\/wp\/v2\/pages"}],"about":[{"href":"https:\/\/llefia.org\/wpaem\/wp-json\/wp\/v2\/types\/page"}],"author":[{"embeddable":true,"href":"https:\/\/llefia.org\/wpaem\/wp-json\/wp\/v2\/users\/1"}],"replies":[{"embeddable":true,"href":"https:\/\/llefia.org\/wpaem\/wp-json\/wp\/v2\/comments?post=24"}],"version-history":[{"count":3,"href":"https:\/\/llefia.org\/wpaem\/wp-json\/wp\/v2\/pages\/24\/revisions"}],"predecessor-version":[{"id":584,"href":"https:\/\/llefia.org\/wpaem\/wp-json\/wp\/v2\/pages\/24\/revisions\/584"}],"wp:attachment":[{"href":"https:\/\/llefia.org\/wpaem\/wp-json\/wp\/v2\/media?parent=24"}],"curies":[{"name":"wp","href":"https:\/\/api.w.org\/{rel}","templated":true}]}}