{"id":658,"date":"2022-05-03T21:30:39","date_gmt":"2022-05-03T21:30:39","guid":{"rendered":"https:\/\/llefia.org\/wpaem\/?page_id=658"},"modified":"2022-05-21T11:56:44","modified_gmt":"2022-05-21T11:56:44","slug":"pedalada-popular-2022","status":"publish","type":"page","link":"https:\/\/llefia.org\/wpaem\/pedalada-popular-2022\/","title":{"rendered":"Pedalada Solid\u00e0ria 2022"},"content":{"rendered":"\n<p>El proper  <strong>29 de maig 2022<\/strong> es realitzar\u00e0 la primera Pedalada Solid\u00e0ria de l&#8217;AEM. <strong>Llefi\u00e0 Posa&#8217;t a roda<\/strong> ser\u00e0 el nom d&#8217;aquesta activitat que tindr\u00e0 un doble objectiu:<\/p>\n\n\n\n<ol><li>Reinvidicar el carril bici a la ciutat de Badalona<\/li><li>Realitzar un crowdfunding per al projecte solidari de \u00abBicicletas sin Fronteras\u00bb. Veure <a rel=\"noreferrer noopener\" href=\"https:\/\/www.bicicletassinfronteras.org\/bicicletas-para-la-educacion\" target=\"_blank\">informaci\u00f3<\/a>.<\/li><\/ol>\n\n\n\n<div class=\"wp-block-image\"><figure class=\"aligncenter size-full is-resized\"><img loading=\"lazy\" src=\"https:\/\/llefia.org\/wpaem\/wp-content\/uploads\/sites\/16\/2022\/05\/Cartel-Pedalada-2022.jpeg\" alt=\"\" class=\"wp-image-675\" width=\"401\" height=\"272\" srcset=\"https:\/\/llefia.org\/wpaem\/wp-content\/uploads\/sites\/16\/2022\/05\/Cartel-Pedalada-2022.jpeg 1003w, https:\/\/llefia.org\/wpaem\/wp-content\/uploads\/sites\/16\/2022\/05\/Cartel-Pedalada-2022-300x204.jpeg 300w, https:\/\/llefia.org\/wpaem\/wp-content\/uploads\/sites\/16\/2022\/05\/Cartel-Pedalada-2022-768x523.jpeg 768w\" sizes=\"(max-width: 401px) 100vw, 401px\" \/><\/figure><\/div>\n\n\n\n<p>La Pedalada solid\u00e0ria sortir\u00e0 de la <strong><a rel=\"noreferrer noopener\" href=\"https:\/\/www.google.com\/maps\/place\/Pl.+de+Trafalgar,+08913+Badalona,+Barcelona\/@41.437432,2.2165364,17z\/data=!3m1!4b1!4m5!3m4!1s0x12a4bca17fd42c3b:0x3f6c904a365b750c!8m2!3d41.437432!4d2.2187251\" target=\"_blank\">Pla\u00e7a Trafalgar<\/a><\/strong> diumenge 29 de maig 2022 a les 10h. Des de les 9h alumnes de l&#8217;Institut J\u00falia Minguell organitzaran un Taller de reparaci\u00f3 de bicicletes que ajudar\u00e0 a qui necessiti posar la seva bicicleta a punt.<\/p>\n\n\n\n<p><a href=\"https:\/\/llefia.org\/wpaem\/inscripcio\/\" target=\"_blank\" rel=\"noreferrer noopener\">Inscripcions <\/a><a href=\"https:\/\/llefia.org\/wpaem\/inscripcio\/\">aqu\u00ed<\/a>.<\/p>\n\n\n\n<p>El recorregut de la Pedalada transcorrer\u00e0 pels carrers de Badalona al llarg d&#8217;uns 7 Km:<\/p>\n\n\n\n<p><\/p>\n\n\n\n<figure class=\"wp-block-image size-full\"><img loading=\"lazy\" width=\"632\" height=\"534\" src=\"https:\/\/llefia.org\/wpaem\/wp-content\/uploads\/sites\/16\/2022\/05\/Recorregut_2022.jpeg\" alt=\"\" class=\"wp-image-663\" srcset=\"https:\/\/llefia.org\/wpaem\/wp-content\/uploads\/sites\/16\/2022\/05\/Recorregut_2022.jpeg 632w, https:\/\/llefia.org\/wpaem\/wp-content\/uploads\/sites\/16\/2022\/05\/Recorregut_2022-300x253.jpeg 300w\" sizes=\"(max-width: 632px) 100vw, 632px\" \/><\/figure>\n\n\n\n<p><\/p>\n\n\n\n<p>L&#8217;activitat est\u00e0 organitzada per l&#8217;<a rel=\"noreferrer noopener\" href=\"https:\/\/llefia.org\/wpavvsantantoni\/\" target=\"_blank\">AVV Sant Antoni de Llefi\u00e0<\/a> i l&#8217;<a rel=\"noreferrer noopener\" href=\"http:\/\/aem.llefia.org\" target=\"_blank\">Associaci\u00f3 d&#8217;Esports de Muntanya de Llefi\u00e0<\/a>  i compta amb la col\u00b7laboraci\u00f3 de l&#8217;Ajuntament de Badalona, el Consell Esportiu Barcelon\u00e9s Nord, l&#8217;Institut J\u00falia Minguell i la fruteria Germans Guerrero.<\/p>\n\n\n\n<figure class=\"wp-block-image size-full is-resized\"><a href=\"https:\/\/llefia.org\/wpavvsantantoni\/\" target=\"_blank\" rel=\"noopener\"><img loading=\"lazy\" src=\"https:\/\/llefia.org\/wpaem\/wp-content\/uploads\/sites\/16\/2022\/05\/Logo-Aso.jpg\" alt=\"\" class=\"wp-image-685\" width=\"109\" height=\"109\" srcset=\"https:\/\/llefia.org\/wpaem\/wp-content\/uploads\/sites\/16\/2022\/05\/Logo-Aso.jpg 400w, https:\/\/llefia.org\/wpaem\/wp-content\/uploads\/sites\/16\/2022\/05\/Logo-Aso-300x300.jpg 300w, https:\/\/llefia.org\/wpaem\/wp-content\/uploads\/sites\/16\/2022\/05\/Logo-Aso-100x100.jpg 100w\" sizes=\"(max-width: 109px) 100vw, 109px\" \/><\/a><\/figure>\n\n\n\n<figure class=\"wp-block-image size-full is-resized\"><a href=\"https:\/\/agora.xtec.cat\/iesjuliaminguell\/\" target=\"_blank\" rel=\"noopener\" class=\"broken_link\"><img loading=\"lazy\" src=\"https:\/\/llefia.org\/wpaem\/wp-content\/uploads\/sites\/16\/2022\/05\/LOGO-JULIA.jpg\" alt=\"\" class=\"wp-image-689\" width=\"116\" height=\"83\" srcset=\"https:\/\/llefia.org\/wpaem\/wp-content\/uploads\/sites\/16\/2022\/05\/LOGO-JULIA.jpg 470w, https:\/\/llefia.org\/wpaem\/wp-content\/uploads\/sites\/16\/2022\/05\/LOGO-JULIA-300x214.jpg 300w\" sizes=\"(max-width: 116px) 100vw, 116px\" \/><\/a><\/figure>\n\n\n\n<p><\/p>\n","protected":false},"excerpt":{"rendered":"<p>El proper 29 de maig 2022 es realitzar\u00e0 la primera Pedalada Solid\u00e0ria de l&#8217;AEM. Llefi\u00e0 Posa&#8217;t a roda ser\u00e0 el nom d&#8217;aquesta activitat que tindr\u00e0 un doble objectiu: Reinvidicar el carril bici a la ciutat de Badalona Realitzar un crowdfunding per al projecte solidari de \u00abBicicletas sin Fronteras\u00bb. Veure informaci\u00f3. La Pedalada solid\u00e0ria sortir\u00e0 de &hellip; <\/p>\n<p class=\"link-more\"><a href=\"https:\/\/llefia.org\/wpaem\/pedalada-popular-2022\/\" class=\"more-link\">Continuar leyendo<span class=\"screen-reader-text\"> \u00abPedalada Solid\u00e0ria 2022\u00bb<\/span><\/a><\/p>\n","protected":false},"author":26,"featured_media":0,"parent":0,"menu_order":0,"comment_status":"closed","ping_status":"closed","template":"","meta":[],"_links":{"self":[{"href":"https:\/\/llefia.org\/wpaem\/wp-json\/wp\/v2\/pages\/658"}],"collection":[{"href":"https:\/\/llefia.org\/wpaem\/wp-json\/wp\/v2\/pages"}],"about":[{"href":"https:\/\/llefia.org\/wpaem\/wp-json\/wp\/v2\/types\/page"}],"author":[{"embeddable":true,"href":"https:\/\/llefia.org\/wpaem\/wp-json\/wp\/v2\/users\/26"}],"replies":[{"embeddable":true,"href":"https:\/\/llefia.org\/wpaem\/wp-json\/wp\/v2\/comments?post=658"}],"version-history":[{"count":18,"href":"https:\/\/llefia.org\/wpaem\/wp-json\/wp\/v2\/pages\/658\/revisions"}],"predecessor-version":[{"id":676,"href":"https:\/\/llefia.org\/wpaem\/wp-json\/wp\/v2\/pages\/658\/revisions\/676"}],"wp:attachment":[{"href":"https:\/\/llefia.org\/wpaem\/wp-json\/wp\/v2\/media?parent=658"}],"curies":[{"name":"wp","href":"https:\/\/api.w.org\/{rel}","templated":true}]}}