{"id":698,"date":"2022-05-09T21:35:18","date_gmt":"2022-05-09T21:35:18","guid":{"rendered":"https:\/\/llefia.org\/wpaem\/?page_id=698"},"modified":"2022-05-09T21:35:18","modified_gmt":"2022-05-09T21:35:18","slug":"presentacio-pedalada-solidaria-2022","status":"publish","type":"page","link":"https:\/\/llefia.org\/wpaem\/presentacio-pedalada-solidaria-2022\/","title":{"rendered":"Presentaci\u00f3 Pedalada Solid\u00e0ria 2022"},"content":{"rendered":"\n<p>Divendres 13 de maig a les 20:30h l&#8217;AEM de Llefi\u00e0 organitzar\u00e0 la presentaci\u00f3 de la <strong>Pedalada Solid\u00e0ria 2022<\/strong> a l&#8217;<a href=\"https:\/\/www.google.com\/maps\/place\/A.VV.+Sant+Antoni+de+Llefi%C3%A0\/@41.4387058,2.2177701,15z\/data=!4m5!3m4!1s0x0:0x7dceac2c58b9e7d9!8m2!3d41.4385752!4d2.217524\" target=\"_blank\" rel=\"noreferrer noopener\">AVV Sant Antoni de Llefi\u00e0<\/a>.<\/p>\n\n\n\n<p>Es tractar\u00e0 d&#8217;un acte on es far\u00e0 la presentaci\u00f3 de l&#8217;activitat Pedalada Solid\u00e0ria: Llefi\u00e0 Posa&#8217;t a roda del proper diumenge 29 de maig.<\/p>\n\n\n\n<p>A la presentaci\u00f3 es comptar\u00e0 amb la col\u00b7laboraci\u00f3 de la ONG <a rel=\"noreferrer noopener\" href=\"https:\/\/www.bicicletassinfronteras.org\/\" target=\"_blank\">Bicicletas sin Fronteras<\/a> que explicar\u00e0 el seu projecte de \u00ab<a rel=\"noreferrer noopener\" href=\"https:\/\/www.bicicletassinfronteras.org\/bicicletas-para-la-educacion\" target=\"_blank\">Bicicletas para la educaci\u00f3n<\/a>\u00bb que t\u00e9 per objectiu \u00ab<strong>Facilitar l&#8217;acc\u00e9s a l&#8217;educaci\u00f3 dels nens, nenes i joves mitjan\u00e7ant la bicicleta<\/strong>\u00ab. Per aix\u00f2 han desenvolupat un projecte de transport escolar amb bicicleta i han dissenyat la <strong>baobike<\/strong>, la bicicleta per a l&#8217;educaci\u00f3, perqu\u00e8 els alumnes de les comunitats rurals guanyin temps, qualitat de vida i igualtat d&#8217;oportunitats per al futur.<\/p>\n\n\n\n<figure class=\"wp-block-image\"><img src=\"https:\/\/static.wixstatic.com\/media\/607f07_184bec66143d4b1a9645bc6e800d5431~mv2.jpeg\/v1\/fill\/w_940,h_440,al_c,q_85,usm_0.66_1.00_0.01,enc_auto\/Sandiara%20entrega.jpeg\" alt=\"Sandiara entrega.jpeg\" \/><\/figure>\n\n\n\n<p>S&#8217;explicar\u00e0 de quina manera participar amb el projecte a trav\u00e9s d&#8217;un repte crowdfunding que s&#8217;ha creat per a l&#8217;ocasi\u00f3.<\/p>\n\n\n\n<p>Tamb\u00e9 es donar\u00e0 detall de l&#8217;activitat del proper 29 de maig, on recorrent la ciutat de Badalona, reclamarem la construcci\u00f3n de carrils bici que permetin la movilitat segura dels ve\u00efns per la ciutat i la promoci\u00f3 del \u00fas de la bicicleta com a mitj\u00e0 de transport ecol\u00f2gic i segur.<\/p>\n\n\n\n<p>Per participar, s&#8217;ha de realitzar una <a href=\"https:\/\/llefia.org\/wpaem\/inscripcio\/\" target=\"_blank\" rel=\"noreferrer noopener\">inscripci\u00f3 aqu\u00ed<\/a>.<\/p>\n\n\n\n<p>M\u00e9s informaci\u00f3 sobre la Pedalada Solid\u00e0ria 2022, horaris i el seu recorregut, <a href=\"https:\/\/llefia.org\/wpaem\/pedalada-popular-2022\/\" target=\"_blank\" rel=\"noreferrer noopener\">aqu\u00ed<\/a><\/p>\n","protected":false},"excerpt":{"rendered":"<p>Divendres 13 de maig a les 20:30h l&#8217;AEM de Llefi\u00e0 organitzar\u00e0 la presentaci\u00f3 de la Pedalada Solid\u00e0ria 2022 a l&#8217;AVV Sant Antoni de Llefi\u00e0. Es tractar\u00e0 d&#8217;un acte on es far\u00e0 la presentaci\u00f3 de l&#8217;activitat Pedalada Solid\u00e0ria: Llefi\u00e0 Posa&#8217;t a roda del proper diumenge 29 de maig. A la presentaci\u00f3 es comptar\u00e0 amb la col\u00b7laboraci\u00f3 &hellip; <\/p>\n<p class=\"link-more\"><a href=\"https:\/\/llefia.org\/wpaem\/presentacio-pedalada-solidaria-2022\/\" class=\"more-link\">Continuar leyendo<span class=\"screen-reader-text\"> \u00abPresentaci\u00f3 Pedalada Solid\u00e0ria 2022\u00bb<\/span><\/a><\/p>\n","protected":false},"author":26,"featured_media":0,"parent":0,"menu_order":0,"comment_status":"closed","ping_status":"closed","template":"","meta":[],"_links":{"self":[{"href":"https:\/\/llefia.org\/wpaem\/wp-json\/wp\/v2\/pages\/698"}],"collection":[{"href":"https:\/\/llefia.org\/wpaem\/wp-json\/wp\/v2\/pages"}],"about":[{"href":"https:\/\/llefia.org\/wpaem\/wp-json\/wp\/v2\/types\/page"}],"author":[{"embeddable":true,"href":"https:\/\/llefia.org\/wpaem\/wp-json\/wp\/v2\/users\/26"}],"replies":[{"embeddable":true,"href":"https:\/\/llefia.org\/wpaem\/wp-json\/wp\/v2\/comments?post=698"}],"version-history":[{"count":1,"href":"https:\/\/llefia.org\/wpaem\/wp-json\/wp\/v2\/pages\/698\/revisions"}],"predecessor-version":[{"id":699,"href":"https:\/\/llefia.org\/wpaem\/wp-json\/wp\/v2\/pages\/698\/revisions\/699"}],"wp:attachment":[{"href":"https:\/\/llefia.org\/wpaem\/wp-json\/wp\/v2\/media?parent=698"}],"curies":[{"name":"wp","href":"https:\/\/api.w.org\/{rel}","templated":true}]}}