{"id":5,"date":"2016-01-15T21:11:55","date_gmt":"2016-01-15T21:11:55","guid":{"rendered":"http:\/\/llefia.org\/blog\/albasocial1916\/?page_id=4"},"modified":"2016-01-15T21:11:55","modified_gmt":"2016-01-15T21:11:55","slug":"biografia","status":"publish","type":"page","link":"https:\/\/llefia.org\/wpalbasocial1916\/biografia\/","title":{"rendered":"Biografia"},"content":{"rendered":"<p><strong>Antonio Rosado L\u00f3pez<\/strong> nace en Mor\u00f3n de la Frontera (Sevilla) el <a title=\"28 de noviembre\" href=\"http:\/\/www.ateneodecordoba.com\/index.php\/28_de_noviembre\">28 de noviembre<\/a> de <a title=\"1889\" href=\"http:\/\/www.ateneodecordoba.com\/index.php\/1889\">1889<\/a>. Fue uno de las m\u00e1s destacados militantes campesinos del anarcosindicalismo andaluz. Se educ\u00f3 en la escuela que la Sociedad Obrera de Mor\u00f3n, ligada a la Primera Internacional, tuvo abierta hasta que en <a title=\"1905\" href=\"http:\/\/www.ateneodecordoba.com\/index.php\/1905\">1905<\/a> fue cerrada por las autoridades. Con veinte a\u00f1os ingresa en la agrupaci\u00f3n socialista y se convierte en el administrador de la cooperativa de panaderos que exist\u00eda en la localidad. Impenitente lector, desde su cargo de corresponsal de prensa realiza intercambios y vende propaganda tanto socialista como \u00e1crata. Paulatinamente se fue alejando del socialismo empezando a mandar art\u00edculos a la prensa libertaria como \u00abTierra y Libertad\u00bb y \u00abLa Voz del Cantero\u00bb.<\/p>\n<p>Tras realizar el servicio militar en Cartagena, regres\u00f3 a Mor\u00f3n donde, en <a title=\"1915\" href=\"http:\/\/www.ateneodecordoba.com\/index.php\/1915\">1915<\/a>, cre\u00f3 una sociedad de canteros y le\u00f1adores, oficio este \u00faltimo en el que trabajaba. Durante los a\u00f1os de la primera guerra mundial cre\u00f3 el grupo \u00abAlba Social\u00bb a partir del cual realiz\u00f3 una campa\u00f1a en pro de la organizaci\u00f3n de una Federaci\u00f3n Regional de Grupos Anarquistas de Andaluc\u00eda que acab\u00f3 cre\u00e1ndose en <a title=\"1919\" href=\"http:\/\/www.ateneodecordoba.com\/index.php\/1919\">1919<\/a>. Su primer secretario fue Rosado, quien adem\u00e1s form\u00f3 parte de la redacci\u00f3n de \u00abJuventud Rebelde\u00bb \u00f3rgano de la entidad. En <a title=\"1920\" href=\"http:\/\/www.ateneodecordoba.com\/index.php\/1920\">1920<\/a>, condenado por un delito de prensa, se traslad\u00f3 a C\u00e1diz con la idea de emigrar a la Argentina. Permaneci\u00f3 varios meses en la zona de la bah\u00eda gaditana trabajando en el campo y en la construcci\u00f3n de carreteras hasta que, temiendo ser encarcelado, parti\u00f3 hacia Las Palmas de Gran Canaria. All\u00ed se hizo cargo, en Puerto de la Luz, de la escuela del sindicato local. En enero de <a title=\"1922\" href=\"http:\/\/www.ateneodecordoba.com\/index.php\/1922\">1922<\/a>, embarc\u00f3 hacia Buenos Aires donde permaneci\u00f3 hasta que, a mediados de 1924, tras su indulto, regres\u00f3 a Mor\u00f3n. Al no cumplimentarse la petici\u00f3n de amnist\u00eda, es detenido y trasladado al penal de El Puerto de Santa Mar\u00eda donde permaneci\u00f3 hasta principios de <a title=\"1926\" href=\"http:\/\/www.ateneodecordoba.com\/index.php\/1926\">1926<\/a>. Enfermo, regres\u00f3 a Mor\u00f3n, permaneciendo apartado de la actividad sindical hasta <a title=\"1929\" href=\"http:\/\/www.ateneodecordoba.com\/index.php\/1929\">1929<\/a> cuando volvi\u00f3 a participar en el sindicato campesino de su localidad y en la reorganizaci\u00f3n de la CNT andaluza.<\/p>\n<p>Durante los primeros a\u00f1os de la Segunda Rep\u00fablica se dedic\u00f3 a reorganizar los sindicatos cenetistas de las serran\u00edas de Sevilla, C\u00e1diz y M\u00e1laga, donde cre\u00f3 una federaci\u00f3n comarcal de sindicatos y negoci\u00f3 las bases de trabajo del campo en representaci\u00f3n de los campesinos de esa comarca. La huelga de los campesinos sevillanos de mayo de <a title=\"1932\" href=\"http:\/\/www.ateneodecordoba.com\/index.php\/1932\">1932<\/a> le sorprendi\u00f3 reponi\u00e9ndose en el sanatorio de Cantillana del doctor Vallina, de la flebitis que le hab\u00eda ocasionado una operaci\u00f3n de hernia mal curada. A\u00fan y as\u00ed fue detenido y encarcelado hasta que por mediaci\u00f3n de Vallina, Eduardo Ortega y Gasset y <a title=\"Blas Infante\" href=\"http:\/\/www.ateneodecordoba.com\/index.php\/Blas_Infante\">Blas Infante<\/a> son nombrados abogados suyos y consiguen su libertad. En <a title=\"1936\" href=\"http:\/\/www.ateneodecordoba.com\/index.php\/1936\">1936<\/a> acudi\u00f3 a Zaragoza al congreso nacional de la CNT. Conocedor desde los primeros d\u00edas de julio de la sublevaci\u00f3n militar, march\u00f3 a Sevilla a informar al comit\u00e9 regional y de all\u00ed a Cantillana. Cuando estall\u00f3 el golpe, permaneci\u00f3 oculto en el monte hasta que llega a Fuente Obejuna, en la zona republicana. Desde donde, a mediados de septiembre, parti\u00f3 hacia Madrid en busca de su amigo Vallina. Poco despu\u00e9s regres\u00f3 a Andaluc\u00eda donde fue encargado por el comit\u00e9 regional andaluz de las cuestiones agrarias. Recorri\u00f3 toda la zona republicana de la regi\u00f3n organizando sindicatos y recogiendo datos sobre el proceso colectivizado que se estaba produciendo. Fruto de estos trabajos fue la creaci\u00f3n, en junio de <a title=\"1937\" href=\"http:\/\/www.ateneodecordoba.com\/index.php\/1937\">1937<\/a>, de la Federaci\u00f3n Regional de Campesinos de Andaluc\u00eda cuya secretar\u00eda llev\u00f3 durante los a\u00f1os del conflicto, dedicado a la expansi\u00f3n del colectivismo agrario.<\/p>\n<p>Al consumarse la derrota republicana, Rosado regres\u00f3 a Mor\u00f3n donde fue detenido. Al ponerle en libertad se le orden\u00f3 trasladarse a Cantillana. All\u00ed fue encarcelado hasta comienzos de <a title=\"1940\" href=\"http:\/\/www.ateneodecordoba.com\/index.php\/1940\">1940<\/a> en que es trasladado a Sevilla para ser juzgado. Puesto de nuevo en libertad, se traslad\u00f3 a Mor\u00f3n. All\u00ed trabaj\u00f3 en la f\u00e1brica de cemento y rechaz\u00f3 los ofrecimientos que se le hicieron de integrarse en los sindicatos verticales franquistas.<\/p>\n<p>Falleci\u00f3 en Llefi\u00e0, Badalona (Barcelona) el <a title=\"4 de noviembre\" href=\"http:\/\/www.ateneodecordoba.com\/index.php\/4_de_noviembre\">4 de noviembre<\/a> de <a title=\"1978\" href=\"http:\/\/www.ateneodecordoba.com\/index.php\/1978\">1978<\/a>.<\/p>\n<p>Fuente:<a href=\"http:\/\/www.ateneodecordoba.com\" target=\"_blank\"> Ateneo de C\u00f3rdoba <\/a><\/p>\n","protected":false},"excerpt":{"rendered":"<p>Antonio Rosado L\u00f3pez nace en Mor\u00f3n de la Frontera (Sevilla) el 28 de noviembre de 1889. Fue uno de las m\u00e1s destacados militantes campesinos del anarcosindicalismo andaluz. Se educ\u00f3 en la escuela que la Sociedad Obrera de Mor\u00f3n, ligada a la Primera Internacional, tuvo abierta hasta que en 1905 fue cerrada por las autoridades. Con [&hellip;]<\/p>\n","protected":false},"author":1,"featured_media":0,"parent":0,"menu_order":0,"comment_status":"closed","ping_status":"closed","template":"","meta":[],"_links":{"self":[{"href":"https:\/\/llefia.org\/wpalbasocial1916\/wp-json\/wp\/v2\/pages\/5"}],"collection":[{"href":"https:\/\/llefia.org\/wpalbasocial1916\/wp-json\/wp\/v2\/pages"}],"about":[{"href":"https:\/\/llefia.org\/wpalbasocial1916\/wp-json\/wp\/v2\/types\/page"}],"author":[{"embeddable":true,"href":"https:\/\/llefia.org\/wpalbasocial1916\/wp-json\/wp\/v2\/users\/1"}],"replies":[{"embeddable":true,"href":"https:\/\/llefia.org\/wpalbasocial1916\/wp-json\/wp\/v2\/comments?post=5"}],"version-history":[{"count":0,"href":"https:\/\/llefia.org\/wpalbasocial1916\/wp-json\/wp\/v2\/pages\/5\/revisions"}],"wp:attachment":[{"href":"https:\/\/llefia.org\/wpalbasocial1916\/wp-json\/wp\/v2\/media?parent=5"}],"curies":[{"name":"wp","href":"https:\/\/api.w.org\/{rel}","templated":true}]}}