{"id":17,"date":"2016-01-07T21:33:04","date_gmt":"2016-01-07T21:33:04","guid":{"rendered":"http:\/\/llefia.org\/blog\/avvsantantoni\/?page_id=17"},"modified":"2016-01-07T21:33:04","modified_gmt":"2016-01-07T21:33:04","slug":"urbanisme","status":"publish","type":"page","link":"https:\/\/llefia.org\/wpavvsantantoni\/urbanisme\/","title":{"rendered":"Urbanisme"},"content":{"rendered":"<p>Espai de treball d&#8217;auditoria de l&#8217;espai p\u00fablic del barri de Sant Antoni de Llefi\u00e0.<\/p>\n<p>:: <a href=\"http:\/\/llefia.org\/wpavvsantantoni\/wp-content\/uploads\/sites\/4\/2016\/04\/Informe-Sant-Antoni.pdf\" target=\"_blank\">Resultats enquestes sobre l&#8217;espai p\u00fablic del barri<\/a><\/p>\n<p>:: <a href=\"http:\/\/llefia.org\/blog\/avvsantantoni\/proces-participatiu-espai-public\/\" target=\"_blank\" class=\"broken_link\">Proc\u00e9s participatiu sobre l&#8217;espai p\u00fablic a Sant Antoni de Llefi\u00e0<\/a>, si ets del barri, participa a la fase 1 omplint l&#8217;<a href=\"http:\/\/llefia.org\/blog\/avvsantantoni\/wpgforms\/enquesta-proces-participatiu\/\" target=\"_blank\" class=\"broken_link\">enquesta<\/a><\/p>\n<p><strong><span style=\"font-size: medium\">:: <a title=\"Radar urban\u00edstic de Llefi\u00e0\" href=\"http:\/\/radar.llefia.org\/\" target=\"_blank\">Radar urban\u00edstic de Llefi\u00e0<\/a>::<\/span><\/strong>\u00a0 <em><em>Urbanisme 2.0: Urbanisme actiu i participatiu. Espai web<\/em> on els ve\u00efns i ve\u00efnes poden informar de l&#8217;estat de l&#8217;urbanisme (foto den\u00fancies, obres, propostes, mobilitat).<\/em><\/p>\n<p><span style=\"font-size: medium\"><strong>:: Mapes de treballs inicials del proc\u00e9s d&#8217;auditoria de l&#8217;espai p\u00fablic::<\/strong><\/span> mapes interns, en continua evoluci\u00f3, amb la recopilaci\u00f3 de les dades de les visites i passejades pel barri apuntant dades sobre urbanisme, defici\u00e8ncies i l&#8217;accessibilitat dels carrers com en el cas de l&#8217;experi\u00e8ncia <a title=\"Enroda't\" href=\"http:\/\/www.llefia.org\/index.php?option=com_content&amp;view=article&amp;id=222:enrodat&amp;catid=5:noticies&amp;Itemid=3\" target=\"_blank\">Enroda&#8217;t.<\/a><\/p>\n<p><a title=\"Voreres estretes\" href=\"http:\/\/overpass-turbo.eu\/s\/dC4\" target=\"_blank\"><img loading=\"lazy\" style=\"float: left\" src=\"https:\/\/convergentes.files.wordpress.com\/2009\/12\/354px-openstreetmap_logo-svg.png\" alt=\"\" width=\"125\" height=\"125\" \/> &gt;&gt; Voreres estretes, no accesibles<\/a><\/p>\n<p><a title=\"Pas vianants deficients\" href=\"http:\/\/overpass-turbo.eu\/s\/dC3\" target=\"_blank\">&gt;&gt; Pas de vianants, encreuaments deficients: <\/a>sense senyalitzar, sense pintar, sense senyal vertical&#8230;<\/p>\n<p><a title=\"Obstacles a les voreres, faroles, transformadors, pals telef\u00f2nics\" href=\"http:\/\/overpass-turbo.eu\/s\/dC1\" target=\"_blank\">&gt;&gt; Obstacles a les voreres<\/a> : obstacles a les voreres, faroles, pivots, transformadors, senyals tr\u00e0fic, pals telef\u00f2nics, el\u00e8ctrics&#8230;<\/p>\n<p>&nbsp;<\/p>\n","protected":false},"excerpt":{"rendered":"<p>Espai de treball d&#8217;auditoria de l&#8217;espai p\u00fablic del barri de Sant Antoni de Llefi\u00e0. :: Resultats enquestes sobre l&#8217;espai p\u00fablic del barri :: Proc\u00e9s participatiu sobre l&#8217;espai p\u00fablic a Sant Antoni de Llefi\u00e0, si ets del barri, participa a la fase 1 omplint l&#8217;enquesta :: Radar urban\u00edstic de Llefi\u00e0::\u00a0 Urbanisme 2.0: Urbanisme actiu i participatiu. [&hellip;]<\/p>\n","protected":false},"author":1,"featured_media":0,"parent":0,"menu_order":0,"comment_status":"closed","ping_status":"closed","template":"","meta":[],"_links":{"self":[{"href":"https:\/\/llefia.org\/wpavvsantantoni\/wp-json\/wp\/v2\/pages\/17"}],"collection":[{"href":"https:\/\/llefia.org\/wpavvsantantoni\/wp-json\/wp\/v2\/pages"}],"about":[{"href":"https:\/\/llefia.org\/wpavvsantantoni\/wp-json\/wp\/v2\/types\/page"}],"author":[{"embeddable":true,"href":"https:\/\/llefia.org\/wpavvsantantoni\/wp-json\/wp\/v2\/users\/1"}],"replies":[{"embeddable":true,"href":"https:\/\/llefia.org\/wpavvsantantoni\/wp-json\/wp\/v2\/comments?post=17"}],"version-history":[{"count":0,"href":"https:\/\/llefia.org\/wpavvsantantoni\/wp-json\/wp\/v2\/pages\/17\/revisions"}],"wp:attachment":[{"href":"https:\/\/llefia.org\/wpavvsantantoni\/wp-json\/wp\/v2\/media?parent=17"}],"curies":[{"name":"wp","href":"https:\/\/api.w.org\/{rel}","templated":true}]}}