{"id":28,"date":"2016-01-07T22:19:18","date_gmt":"2016-01-07T22:19:18","guid":{"rendered":"http:\/\/llefia.org\/blog\/avvsantantoni\/?page_id=28"},"modified":"2016-01-07T22:19:18","modified_gmt":"2016-01-07T22:19:18","slug":"contactar","status":"publish","type":"page","link":"https:\/\/llefia.org\/wpavvsantantoni\/contactar\/","title":{"rendered":"Contactar"},"content":{"rendered":"<p><strong>On ens pots trobar?<\/strong> <strong>Carrer Europa 14 ent1<\/strong>, Badalona (<a title=\"Mapa Telecentre\" href=\"https:\/\/www.google.es\/maps\/place\/Carrer+d%27Europa,+14,+08913+Santa+Coloma+de+Gramenet,+Barcelona\/@41.438673,2.217736,16z\/data=!4m2!3m1!1s0x12a4bca23e1961ed:0xdbe755ce9b283053?hl=es\" target=\"_blank\">Veure mapa<\/a>)<\/p>\n<p>Com arribar en transport p\u00fablic: <strong><img loading=\"lazy\" src=\"http:\/\/www.coloquioturismo2012.org\/img\/logo_metro2.png\" alt=\"\" width=\"25\" height=\"16\" \/>Metro:<\/strong> <img loading=\"lazy\" class=\"alignnone\" src=\"http:\/\/www.transportebcn.es\/images\/linias\/linia10.gif\" alt=\"\" width=\"24\" height=\"24\" \/> parades <strong>Llefi\u00e0<\/strong> o <strong>La Salut<\/strong>, <img loading=\"lazy\" src=\"http:\/\/upload.wikimedia.org\/wikipedia\/commons\/thumb\/6\/64\/L2_barcelona.svg\/64px-L2_barcelona.svg.png\" alt=\"\" width=\"23\" height=\"23\" \/> <strong>Artigues Sant Adri\u00e0<\/strong><\/p>\n<p><strong>Horari:<\/strong> Dimarts i Divendres 19h-21h<br \/>\n<strong><img loading=\"lazy\" src=\"http:\/\/www.lafotografia.com.ar\/material\/productos\/246\/icono_telefono.png\" alt=\"\" width=\"29\" height=\"29\" \/>Tel\u00e8fon:<\/strong> 93 460 73 85<\/p>\n<p><strong><img loading=\"lazy\" src=\"http:\/\/www.koseiprofesional.com\/images\/headers\/icono-email.png\" alt=\"\" width=\"26\" height=\"26\" \/>Email:<\/strong> <a title=\"Contacte web\" href=\"mailto:stantoni@llefia.org\">stantoni@llefia.org<\/a><\/p>\n<p><strong><img loading=\"lazy\" src=\"http:\/\/pymeup.com\/wp-content\/uploads\/2013\/03\/icono-twitter.png\" alt=\"\" width=\"25\" height=\"21\" \/><img loading=\"lazy\" src=\"http:\/\/llefia.org\/blog\/avvsantantoni\/wp-content\/plugins\/share-and-follow\/images\/blank.gif\" alt=\"\" width=\"1\" height=\"1\" \/>Twitter:<\/strong> <a title=\"Twitter AVV Sant Antoni de Llefi\u00e0\" href=\"https:\/\/twitter.com\/avstantoni\" target=\"_blank\">@avstantoni<\/a><\/p>\n<p>&nbsp;<\/p>\n<p>&nbsp;<\/p>\n","protected":false},"excerpt":{"rendered":"<p>On ens pots trobar? Carrer Europa 14 ent1, Badalona (Veure mapa) Com arribar en transport p\u00fablic: Metro: parades Llefi\u00e0 o La Salut, Artigues Sant Adri\u00e0 Horari: Dimarts i Divendres 19h-21h Tel\u00e8fon: 93 460 73 85 Email: stantoni@llefia.org Twitter: @avstantoni &nbsp; &nbsp;<\/p>\n","protected":false},"author":1,"featured_media":0,"parent":0,"menu_order":0,"comment_status":"closed","ping_status":"closed","template":"","meta":[],"_links":{"self":[{"href":"https:\/\/llefia.org\/wpavvsantantoni\/wp-json\/wp\/v2\/pages\/28"}],"collection":[{"href":"https:\/\/llefia.org\/wpavvsantantoni\/wp-json\/wp\/v2\/pages"}],"about":[{"href":"https:\/\/llefia.org\/wpavvsantantoni\/wp-json\/wp\/v2\/types\/page"}],"author":[{"embeddable":true,"href":"https:\/\/llefia.org\/wpavvsantantoni\/wp-json\/wp\/v2\/users\/1"}],"replies":[{"embeddable":true,"href":"https:\/\/llefia.org\/wpavvsantantoni\/wp-json\/wp\/v2\/comments?post=28"}],"version-history":[{"count":1,"href":"https:\/\/llefia.org\/wpavvsantantoni\/wp-json\/wp\/v2\/pages\/28\/revisions"}],"predecessor-version":[{"id":359,"href":"https:\/\/llefia.org\/wpavvsantantoni\/wp-json\/wp\/v2\/pages\/28\/revisions\/359"}],"wp:attachment":[{"href":"https:\/\/llefia.org\/wpavvsantantoni\/wp-json\/wp\/v2\/media?parent=28"}],"curies":[{"name":"wp","href":"https:\/\/api.w.org\/{rel}","templated":true}]}}