{"id":74,"date":"2012-05-25T16:35:40","date_gmt":"2012-05-25T16:35:40","guid":{"rendered":"http:\/\/llefia.org\/blog\/bitlles\/?page_id=2"},"modified":"2012-05-25T16:35:40","modified_gmt":"2012-05-25T16:35:40","slug":"pagina-exemple","status":"publish","type":"page","link":"https:\/\/llefia.org\/wpbitlles\/pagina-exemple\/","title":{"rendered":"Qui som?"},"content":{"rendered":"<p>El Club de\u00a0 Bitlles Termites de Llefi\u00e0 fue fundado en\u00a0 Badalona el 06 de octubre del 2009 y registrado enla Secretariad\u2019Esports el 23 abril del 2010 con n\u00famero de registro 0502E\/512. En el Ayuntamiento de Badalona est\u00e1 inscrito con n\u00famero de registro 21116.<\/p>\n<p>&nbsp;<\/p>\n<p>Esta entidad ha colaborado desde su creaci\u00f3n con las dem\u00e1s entidades del barrio,comision de cultura de llefi\u00e0 tanto en fiestas populares como en iniciativas escolares incluidas en el llamado Pla d\u2019Entorn, y la\u00a0comisi\u00f3n\u00a0de fiestas de Badalona.<\/p>\n<p>&nbsp;<\/p>\n<p>Los miembros de este club han organizado durante tres a\u00f1os consecutivos el Torneo de Bitlles Catalanes de Llefi\u00e0 coincidiendo con las fiestas del barrio de Sant Antoni de Llefi\u00e0 y tambi\u00e9n han participado en las denominadas Trobampas durante los a\u00f1os 2010\/2011\/2012 y 2013 dentro del marco del Pla d\u2019Entorn.<\/p>\n<p>Celebrando el primer\u00a0Marat\u00f3n\u00a0Solidario con los Alumnos de sexto, para su viaje de fin de curso.<\/p>\n<p>Durante los casales escolares de verano que realiz\u00f3 el Ayuntamiento en el conjunto de escuelas p\u00fablicas, desde el 27 de junio al 29 de julio de 2011, esta entidad acerc\u00f3 este deporte a los 453 escolares inscritos. En la fiesta que se celebr\u00f3 para conmemorar el fin del casal, celebrada el 29 de julio de 2011, se inauguraron las instalaciones de Torre Mena con m\u00e1s de 279 ni\u00f1os.<\/p>\n<p>&nbsp;<\/p>\n<p>Se ha colaborado con el IES\u00a0 Enric Borr\u00e0s durante demostraci\u00f3n de juegos tradicionales, con una participaci\u00f3n superior a los 145 escolares.<\/p>\n<p>En el Colegio dela Asunci\u00f3n se organizaron dos jornadas consecutivas con la colaboraci\u00f3n de los profesores de educaci\u00f3n f\u00edsica a un total de 90 ni\u00f1os.<\/p>\n<p>Un total de 210 alumnos y alumnas de 3\u00ba a 6\u00ba de primaria dela EscuelaAntoniBotey realizaron diversas visitas a las pistas del club en Torre Mena a lo largo del mes de febrero de 2012\/2013 para conocer y practicar este deporte de tradici\u00f3n milenaria, igualmente en el Rafael casanova.<\/p>\n<p><span style=\"color: #444444\">\u00a0<\/span><\/p>\n","protected":false},"excerpt":{"rendered":"<p>El Club de\u00a0 Bitlles Termites de Llefi\u00e0 fue fundado en\u00a0 Badalona el 06 de octubre del 2009 y registrado enla Secretariad\u2019Esports el 23 abril del 2010 con n\u00famero de registro 0502E\/512. En el Ayuntamiento de Badalona est\u00e1 inscrito con n\u00famero de registro 21116. &nbsp; Esta entidad ha colaborado desde su creaci\u00f3n con las dem\u00e1s entidades [&hellip;]<\/p>\n","protected":false},"author":13,"featured_media":0,"parent":0,"menu_order":0,"comment_status":"open","ping_status":"open","template":"","meta":[],"_links":{"self":[{"href":"https:\/\/llefia.org\/wpbitlles\/wp-json\/wp\/v2\/pages\/74"}],"collection":[{"href":"https:\/\/llefia.org\/wpbitlles\/wp-json\/wp\/v2\/pages"}],"about":[{"href":"https:\/\/llefia.org\/wpbitlles\/wp-json\/wp\/v2\/types\/page"}],"author":[{"embeddable":true,"href":"https:\/\/llefia.org\/wpbitlles\/wp-json\/wp\/v2\/users\/13"}],"replies":[{"embeddable":true,"href":"https:\/\/llefia.org\/wpbitlles\/wp-json\/wp\/v2\/comments?post=74"}],"version-history":[{"count":0,"href":"https:\/\/llefia.org\/wpbitlles\/wp-json\/wp\/v2\/pages\/74\/revisions"}],"wp:attachment":[{"href":"https:\/\/llefia.org\/wpbitlles\/wp-json\/wp\/v2\/media?parent=74"}],"curies":[{"name":"wp","href":"https:\/\/api.w.org\/{rel}","templated":true}]}}