{"id":129,"date":"2012-02-07T01:07:44","date_gmt":"2012-02-07T01:07:44","guid":{"rendered":"http:\/\/llefia.org\/blog\/carnestoltes\/?page_id=129"},"modified":"2023-01-21T11:58:17","modified_gmt":"2023-01-21T11:58:17","slug":"inscripcions-a-la-rua-carnestoltes-badalona-a-llefia","status":"publish","type":"page","link":"https:\/\/llefia.org\/wpcarnestoltes\/?page_id=129","title":{"rendered":"Inscripcions old"},"content":{"rendered":"\n<p>Conforme amb all\u00f2 establert al Reglament (UE) 2016\/679 del Parlament Europeu i del Consell de 27 d&#8217;abril de 2016 (&#8220;RGPD&#8221;) i la seva normativa de desenvolupament, informem que les dades incloses en aquest formulari s&#8217;incorporaran a un fitxer propietat de Comissi\u00f3 Cultura Llefi\u00e0, amb la finalitat de cursar aquesta sol\u00b7licitud d&#8217;inscripci\u00f3 i enviar informaci\u00f3 relativa a la rua i activitats culturals. Al enviar aquest formulari, consentiu expressament i autoritzeu perqu\u00e8 es tractin les dades personals amb les finalitats exposades. Podeu exercir els vostres drets d&#8217;acc\u00e9s, rectificaci\u00f3, portabilitat, cancel\u00b7laci\u00f3 i oposici\u00f3 enviant un mail a carnestoltes(a)llefia.org.<\/p>\n","protected":false},"excerpt":{"rendered":"<p>Conforme amb all\u00f2 establert al Reglament (UE) 2016\/679 del Parlament Europeu i del Consell de 27 d&#8217;abril de 2016 (&#8220;RGPD&#8221;) i la seva normativa de desenvolupament, informem que les dades incloses en aquest formulari s&#8217;incorporaran a un fitxer propietat de Comissi\u00f3 Cultura Llefi\u00e0, amb la finalitat de cursar aquesta sol\u00b7licitud d&#8217;inscripci\u00f3 i enviar informaci\u00f3 relativa&hellip;<\/p>\n","protected":false},"author":1,"featured_media":0,"parent":0,"menu_order":0,"comment_status":"closed","ping_status":"closed","template":"","meta":[],"_links":{"self":[{"href":"https:\/\/llefia.org\/wpcarnestoltes\/index.php?rest_route=\/wp\/v2\/pages\/129"}],"collection":[{"href":"https:\/\/llefia.org\/wpcarnestoltes\/index.php?rest_route=\/wp\/v2\/pages"}],"about":[{"href":"https:\/\/llefia.org\/wpcarnestoltes\/index.php?rest_route=\/wp\/v2\/types\/page"}],"author":[{"embeddable":true,"href":"https:\/\/llefia.org\/wpcarnestoltes\/index.php?rest_route=\/wp\/v2\/users\/1"}],"replies":[{"embeddable":true,"href":"https:\/\/llefia.org\/wpcarnestoltes\/index.php?rest_route=%2Fwp%2Fv2%2Fcomments&post=129"}],"version-history":[{"count":37,"href":"https:\/\/llefia.org\/wpcarnestoltes\/index.php?rest_route=\/wp\/v2\/pages\/129\/revisions"}],"predecessor-version":[{"id":5169,"href":"https:\/\/llefia.org\/wpcarnestoltes\/index.php?rest_route=\/wp\/v2\/pages\/129\/revisions\/5169"}],"wp:attachment":[{"href":"https:\/\/llefia.org\/wpcarnestoltes\/index.php?rest_route=%2Fwp%2Fv2%2Fmedia&parent=129"}],"curies":[{"name":"wp","href":"https:\/\/api.w.org\/{rel}","templated":true}]}}