{"id":305,"date":"2012-02-18T11:30:12","date_gmt":"2012-02-18T11:30:12","guid":{"rendered":"http:\/\/llefia.org\/blog\/carnestoltes\/?page_id=305"},"modified":"2026-02-15T21:49:14","modified_gmt":"2026-02-15T21:49:14","slug":"participar","status":"publish","type":"page","link":"https:\/\/llefia.org\/wpcarnestoltes\/?page_id=305","title":{"rendered":"Participar al Concurs!"},"content":{"rendered":"<p><strong>Obert<\/strong> el per\u00edode d&#8217;enviament de fotografies <strong>fins al 19 de mar\u00e7 <\/strong>per a participar al Concurs fotogr\u00e0fic de la Rua de Carnaval de Badalona 2026.<\/p>\n<div role=\"form\" class=\"wpcf7\" id=\"wpcf7-f2700-o1\" lang=\"ca\" dir=\"ltr\">\n<div class=\"screen-reader-response\"><p role=\"status\" aria-live=\"polite\" aria-atomic=\"true\"><\/p> <ul><\/ul><\/div>\n<form action=\"\/wpcarnestoltes\/index.php?rest_route=%2Fwp%2Fv2%2Fpages%2F305#wpcf7-f2700-o1\" method=\"post\" class=\"wpcf7-form init\" enctype=\"multipart\/form-data\" novalidate=\"novalidate\" data-status=\"init\">\n<div style=\"display: none;\">\n<input type=\"hidden\" name=\"_wpcf7\" value=\"2700\" \/>\n<input type=\"hidden\" name=\"_wpcf7_version\" value=\"5.5.6\" \/>\n<input type=\"hidden\" name=\"_wpcf7_locale\" value=\"ca\" \/>\n<input type=\"hidden\" name=\"_wpcf7_unit_tag\" value=\"wpcf7-f2700-o1\" \/>\n<input type=\"hidden\" name=\"_wpcf7_container_post\" value=\"0\" \/>\n<input type=\"hidden\" name=\"_wpcf7_posted_data_hash\" value=\"\" \/>\n<\/div>\n<p><label> El teu nom (obligatori)<br \/>\n    <span class=\"wpcf7-form-control-wrap your-name\"><input type=\"text\" name=\"your-name\" value=\"\" size=\"40\" class=\"wpcf7-form-control wpcf7-text wpcf7-validates-as-required\" aria-required=\"true\" aria-invalid=\"false\" \/><\/span> <\/label><\/p>\n<p><label> Cognoms (obligatori)<br \/>\n    <span class=\"wpcf7-form-control-wrap your-cognoms\"><input type=\"text\" name=\"your-cognoms\" value=\"\" size=\"40\" class=\"wpcf7-form-control wpcf7-text wpcf7-validates-as-required\" aria-required=\"true\" aria-invalid=\"false\" \/><\/span> <\/label><\/p>\n<p><label> Tel\u00e8fon (obligatori)<br \/>\n    <span class=\"wpcf7-form-control-wrap your-tel\"><input type=\"tel\" name=\"your-tel\" value=\"\" size=\"40\" class=\"wpcf7-form-control wpcf7-text wpcf7-tel wpcf7-validates-as-required wpcf7-validates-as-tel\" aria-required=\"true\" aria-invalid=\"false\" \/><\/span> <\/label><\/p>\n<p><label> El vostre correu electr\u00f2nic (obligatori)<br \/>\n    <span class=\"wpcf7-form-control-wrap your-email\"><input type=\"email\" name=\"your-email\" value=\"\" size=\"40\" class=\"wpcf7-form-control wpcf7-text wpcf7-email wpcf7-validates-as-required wpcf7-validates-as-email\" aria-required=\"true\" aria-invalid=\"false\" \/><\/span> <\/label><\/p>\n<p>Pujeu les imatges participants.<br \/>\nPodreu presentar fins a 3 imatges i cada una amb una mida inferior a 4Mb.<br \/>\nEls formats acceptats s\u00f3n: png, gif,jpg,jpeg, tiff, bmp, psd.<\/p>\n<p><span class=\"wpcf7-form-control-wrap file-1\"><input type=\"file\" name=\"file-1\" size=\"40\" class=\"wpcf7-form-control wpcf7-file\" accept=\".gif,.png,.jpg,.jpeg,.tiff,.bmp,.psd\" aria-invalid=\"false\" \/><\/span><\/p>\n<p><span class=\"wpcf7-form-control-wrap file-2\"><input type=\"file\" name=\"file-2\" size=\"40\" class=\"wpcf7-form-control wpcf7-file\" accept=\".gif,.png,.jpg,.jpeg,.tiff,.bmp,.psd\" aria-invalid=\"false\" \/><\/span><\/p>\n<p><span class=\"wpcf7-form-control-wrap file-3\"><input type=\"file\" name=\"file-3\" size=\"40\" class=\"wpcf7-form-control wpcf7-file\" accept=\".gif,.png,.jpg,.jpeg,.tiff,.bmp,.psd\" aria-invalid=\"false\" \/><\/span><\/p>\n<p><input type=\"submit\" value=\"Enviar\" class=\"wpcf7-form-control has-spinner wpcf7-submit\" \/><\/p>\n<p style=\"display: none !important;\"><label>&#916;<textarea name=\"_wpcf7_ak_hp_textarea\" cols=\"45\" rows=\"8\" maxlength=\"100\"><\/textarea><\/label><input type=\"hidden\" id=\"ak_js_1\" name=\"_wpcf7_ak_js\" value=\"14\"\/><script>document.getElementById( \"ak_js_1\" ).setAttribute( \"value\", ( new Date() ).getTime() );<\/script><\/p><div class=\"wpcf7-response-output\" aria-hidden=\"true\"><\/div><\/form><\/div>\n<p>Conforme amb all\u00f2 establert al Reglament (UE) 2016\/679 del Parlament Europeu i del Consell de 27 d&#8217;abril de 2016 (&#8220;RGPD&#8221;) i la seva normativa de desenvolupament, informem que les dades incloses en aquest formulari s&#8217;incorporaran a un fitxer propietat de Comissi\u00f3 Cultura Llefi\u00e0, amb la finalitat de cursar aquesta sol\u00b7licitud d&#8217;inscripci\u00f3 i enviar informaci\u00f3 relativa a la rua i activitats culturals. Al enviar aquest formulari, consentiu expressament i autoritzeu perqu\u00e8 es tractin les dades personals amb les finalitats exposades. Podeu exercir els vostres drets d&#8217;acc\u00e9s, rectificaci\u00f3, portabilitat, cancel\u00b7laci\u00f3 i oposici\u00f3 enviant un mail a carnestoltes(a)llefia.org.<\/p>\n","protected":false},"excerpt":{"rendered":"<p>Obert el per\u00edode d&#8217;enviament de fotografies fins al 19 de mar\u00e7 per a participar al Concurs fotogr\u00e0fic de la Rua de Carnaval de Badalona 2026. Conforme amb all\u00f2 establert al Reglament (UE) 2016\/679 del Parlament Europeu i del Consell de 27 d&#8217;abril de 2016 (&#8220;RGPD&#8221;) i la seva normativa de desenvolupament, informem que les dades&hellip;<\/p>\n","protected":false},"author":12,"featured_media":0,"parent":0,"menu_order":0,"comment_status":"closed","ping_status":"closed","template":"","meta":[],"_links":{"self":[{"href":"https:\/\/llefia.org\/wpcarnestoltes\/index.php?rest_route=\/wp\/v2\/pages\/305"}],"collection":[{"href":"https:\/\/llefia.org\/wpcarnestoltes\/index.php?rest_route=\/wp\/v2\/pages"}],"about":[{"href":"https:\/\/llefia.org\/wpcarnestoltes\/index.php?rest_route=\/wp\/v2\/types\/page"}],"author":[{"embeddable":true,"href":"https:\/\/llefia.org\/wpcarnestoltes\/index.php?rest_route=\/wp\/v2\/users\/12"}],"replies":[{"embeddable":true,"href":"https:\/\/llefia.org\/wpcarnestoltes\/index.php?rest_route=%2Fwp%2Fv2%2Fcomments&post=305"}],"version-history":[{"count":6,"href":"https:\/\/llefia.org\/wpcarnestoltes\/index.php?rest_route=\/wp\/v2\/pages\/305\/revisions"}],"predecessor-version":[{"id":6005,"href":"https:\/\/llefia.org\/wpcarnestoltes\/index.php?rest_route=\/wp\/v2\/pages\/305\/revisions\/6005"}],"wp:attachment":[{"href":"https:\/\/llefia.org\/wpcarnestoltes\/index.php?rest_route=%2Fwp%2Fv2%2Fmedia&parent=305"}],"curies":[{"name":"wp","href":"https:\/\/api.w.org\/{rel}","templated":true}]}}