{"id":5123,"date":"2023-01-15T13:53:08","date_gmt":"2023-01-15T13:53:08","guid":{"rendered":"https:\/\/llefia.org\/wpcarnestoltes\/?page_id=5123"},"modified":"2026-02-13T16:13:49","modified_gmt":"2026-02-13T16:13:49","slug":"bases-2","status":"publish","type":"page","link":"https:\/\/llefia.org\/wpcarnestoltes\/?page_id=5123","title":{"rendered":"Bases"},"content":{"rendered":"\n<p><strong>Bases del Concurs de fotografia digital del Carnestoltes de Badalona a Llefi\u00e0<\/strong><\/p>\n\n\n<p><img class=\"alignright\" src=\"http:\/\/llefia.org\/wpcarnestoltes\/wp-content\/uploads\/sites\/7\/2012\/02\/fotografia-150x150.jpg\" alt=\"Participa al Concurs fotogr\u00e0fic\"><\/p>\n\n\n<p>1.\u00a0\u00a0\u00a0 Podr\u00e0 participar al concurs qualsevol ve\u00ed\/ve\u00efna, de qualsevol edat i qualsevol nacionalitat.<br>2.\u00a0\u00a0\u00a0 Podran presentar-se un m\u00e0xim de 3 fotografies per participant.<br>3.\u00a0\u00a0\u00a0 El concurs t\u00e9 una categoria tem\u00e0tica del XLIV Rua Carnestoltes Badalona a Llefi\u00e0. No \u00e9s publicaran ni acceptaran arxius amb continguts contraris al dret al honor, a l\u2019intimitat de la persona o a l\u2019imatge d\u2019aquestes.<br>4.\u00a0\u00a0\u00a0 Les fotografies podran ser alterades electr\u00f2nicament per\u00f2 no s\u2019acceptaran fotomuntatges.<br>5.\u00a0\u00a0\u00a0 Les fotografies han de ser en format electr\u00f2nic, independentment de com van ser capturades. S\u2019acceptaran els seg\u00fcents formats: jpg, png,gif, tiff, psd i bmp.<br>6.\u00a0\u00a0\u00a0 Les fotografies\u00a0 hauran de tenir un tamany m\u00e0xim de 4 Megabytes (Mb).<br>7.\u00a0\u00a0\u00a0 La data de recepci\u00f3 de les fotografies <strong>s\u2019iniciar\u00e0 el 16 de febrer <\/strong>de 2026 i inicialment estar\u00e0 obert fins 3 dies abans de la data a determinar de celebraci\u00f3 de l&#8217;acte de lliurament de premis.<br>8.\u00a0\u00a0\u00a0 Per concursar s\u2019han d\u2019enviar les fotografies a trav\u00e9s del formulari que es publicitar\u00e0 al web: <a rel=\"noreferrer noopener\" href=\"http:\/\/carnaval.llefia.org\" target=\"_blank\">www.carnaval.llefia.org<\/a><br>9.\u00a0\u00a0\u00a0 La participaci\u00f3 al concurs implica l\u2019acceptaci\u00f3 per part de l\u2019autor de que les fotos enviades seran incloses a l\u2019Arxiu Hist\u00f2ric de Llefi\u00e0 i a Llefi@Net. Xarxa Ciutadana. Totes les fotografies presentades estaran sota una llic\u00e8ncia <a rel=\"noreferrer noopener\" href=\"https:\/\/es.m.wikipedia.org\/wiki\/Creative_Commons\" target=\"_blank\">Creative Commons<\/a>. Sempre que es faci \u00fas de la fotografia es reconeixer\u00e0 l\u2019autoria de la mateixa.<br>10.\u00a0\u00a0\u00a0 Premi: Tablet pc<br>11.\u00a0\u00a0\u00a0 El veredicte ser\u00e0 inapel\u2022lable i es far\u00e0 p\u00fablic a la p\u00e0gina web de l\u2019organitzaci\u00f3 del concurs, <a rel=\"noreferrer noopener\" href=\"http:\/\/carnaval.llefia.org\" target=\"_blank\">carnaval.llefia.org<\/a>\u00a0 i al portal comunitari\u00a0 <a rel=\"noreferrer noopener\" href=\"http:\/\/www.llefia.org\/\" target=\"_blank\">www.llefia.org<\/a> i en possible acte p\u00fablic, a la Pla\u00e7a Trafalgar. En cas que el guanyador\/a no estigui present en l&#8217;acte l&#8217;organitzaci\u00f3 es contactar\u00e0 amb ell o ella per email.<br>12.\u00a0\u00a0\u00a0 La participaci\u00f3 al concurs implica l\u2019acceptaci\u00f3 de les bases del mateix. L\u2019organitzaci\u00f3 queda facultada per resoldre qualsevol conting\u00e8ncia no prevista a las bases.<br>13.\u00a0\u00a0\u00a0 La renuncia a un premi, qualsevol que sigui la ra\u00f3 que la motivi, no donar\u00e0 al premiat dret de cap tipus de compensaci\u00f3.<br>14.\u00a0\u00a0\u00a0 Per qualsevol dubte dirigir-se al correu electr\u00f2nic: carnestoltes[arroba]<a rel=\"noreferrer noopener\" href=\"..\/..\/..\/\" target=\"_blank\">llefia.org<\/a><\/p>\n","protected":false},"excerpt":{"rendered":"<p>Bases del Concurs de fotografia digital del Carnestoltes de Badalona a Llefi\u00e0 1.\u00a0\u00a0\u00a0 Podr\u00e0 participar al concurs qualsevol ve\u00ed\/ve\u00efna, de qualsevol edat i qualsevol nacionalitat.2.\u00a0\u00a0\u00a0 Podran presentar-se un m\u00e0xim de 3 fotografies per participant.3.\u00a0\u00a0\u00a0 El concurs t\u00e9 una categoria tem\u00e0tica del XLIV Rua Carnestoltes Badalona a Llefi\u00e0. No \u00e9s publicaran ni acceptaran arxius amb continguts&hellip;<\/p>\n","protected":false},"author":15,"featured_media":0,"parent":0,"menu_order":0,"comment_status":"closed","ping_status":"closed","template":"","meta":[],"_links":{"self":[{"href":"https:\/\/llefia.org\/wpcarnestoltes\/index.php?rest_route=\/wp\/v2\/pages\/5123"}],"collection":[{"href":"https:\/\/llefia.org\/wpcarnestoltes\/index.php?rest_route=\/wp\/v2\/pages"}],"about":[{"href":"https:\/\/llefia.org\/wpcarnestoltes\/index.php?rest_route=\/wp\/v2\/types\/page"}],"author":[{"embeddable":true,"href":"https:\/\/llefia.org\/wpcarnestoltes\/index.php?rest_route=\/wp\/v2\/users\/15"}],"replies":[{"embeddable":true,"href":"https:\/\/llefia.org\/wpcarnestoltes\/index.php?rest_route=%2Fwp%2Fv2%2Fcomments&post=5123"}],"version-history":[{"count":9,"href":"https:\/\/llefia.org\/wpcarnestoltes\/index.php?rest_route=\/wp\/v2\/pages\/5123\/revisions"}],"predecessor-version":[{"id":5859,"href":"https:\/\/llefia.org\/wpcarnestoltes\/index.php?rest_route=\/wp\/v2\/pages\/5123\/revisions\/5859"}],"wp:attachment":[{"href":"https:\/\/llefia.org\/wpcarnestoltes\/index.php?rest_route=%2Fwp%2Fv2%2Fmedia&parent=5123"}],"curies":[{"name":"wp","href":"https:\/\/api.w.org\/{rel}","templated":true}]}}