{"id":27,"date":"2020-05-25T13:20:04","date_gmt":"2020-05-25T11:20:04","guid":{"rendered":"http:\/\/llefia.org\/wpfestes\/?page_id=27"},"modified":"2025-05-28T02:12:52","modified_gmt":"2025-05-28T00:12:52","slug":"entitats","status":"publish","type":"page","link":"https:\/\/llefia.org\/wpfestes\/entitats\/","title":{"rendered":"Comissi\u00f3 de Festes"},"content":{"rendered":"\n<div class=\"wp-block-media-text alignwide is-stacked-on-mobile\" style=\"grid-template-columns:17% auto\"><figure class=\"wp-block-media-text__media\"><img loading=\"lazy\" width=\"1024\" height=\"802\" src=\"http:\/\/llefia.org\/wpfestes\/wp-content\/uploads\/sites\/26\/2020\/05\/Nou_LOGOTIP-AVV-SANT-ANTONI_10_2019-1024x802.jpg\" alt=\"AVV SAnt Antoni de Llefi\u00e0\" class=\"wp-image-147 size-full\" srcset=\"https:\/\/llefia.org\/wpfestes\/wp-content\/uploads\/sites\/26\/2020\/05\/Nou_LOGOTIP-AVV-SANT-ANTONI_10_2019-1024x802.jpg 1024w, https:\/\/llefia.org\/wpfestes\/wp-content\/uploads\/sites\/26\/2020\/05\/Nou_LOGOTIP-AVV-SANT-ANTONI_10_2019-300x235.jpg 300w, https:\/\/llefia.org\/wpfestes\/wp-content\/uploads\/sites\/26\/2020\/05\/Nou_LOGOTIP-AVV-SANT-ANTONI_10_2019-768x602.jpg 768w, https:\/\/llefia.org\/wpfestes\/wp-content\/uploads\/sites\/26\/2020\/05\/Nou_LOGOTIP-AVV-SANT-ANTONI_10_2019-1536x1203.jpg 1536w, https:\/\/llefia.org\/wpfestes\/wp-content\/uploads\/sites\/26\/2020\/05\/Nou_LOGOTIP-AVV-SANT-ANTONI_10_2019-2048x1604.jpg 2048w\" sizes=\"(max-width: 1024px) 100vw, 1024px\" \/><\/figure><div class=\"wp-block-media-text__content\">\n<p class=\"has-normal-font-size\"><a rel=\"noreferrer noopener\" href=\"http:\/\/www.llefia.org\/wpavvsantantoni\/\" target=\"_blank\">Associaci\u00f3 de Ve\u00efnes i Ve\u00efns de Sant Antoni de Llefi\u00e0<\/a><\/p>\n<\/div><\/div>\n\n\n\n<div style=\"height:20px\" aria-hidden=\"true\" class=\"wp-block-spacer\"><\/div>\n\n\n\n<div style=\"height:20px\" aria-hidden=\"true\" class=\"wp-block-spacer\"><\/div>\n\n\n\n<div class=\"wp-block-media-text alignwide is-stacked-on-mobile\" style=\"grid-template-columns:15% auto\"><figure class=\"wp-block-media-text__media\"><img loading=\"lazy\" width=\"300\" height=\"215\" src=\"http:\/\/llefia.org\/wpfestes\/wp-content\/uploads\/sites\/26\/2020\/05\/logo_casal.png\" alt=\"\" class=\"wp-image-206 size-full\"\/><\/figure><div class=\"wp-block-media-text__content\">\n<p class=\"has-normal-font-size\"><a rel=\"noreferrer noopener\" href=\"http:\/\/www.casaldelsinfants.org\/es\" target=\"_blank\">Casal dels Infants per l&#8217;acci\u00f3 social als barris<\/a><\/p>\n<\/div><\/div>\n\n\n\n<div class=\"wp-block-media-text alignwide is-stacked-on-mobile\" style=\"grid-template-columns:15% auto\"><figure class=\"wp-block-media-text__media\"><img loading=\"lazy\" width=\"310\" height=\"163\" src=\"https:\/\/llefia.org\/wpfestes\/wp-content\/uploads\/sites\/26\/2023\/05\/logo_isom.png\" alt=\"\" class=\"wp-image-1407 size-full\" srcset=\"https:\/\/llefia.org\/wpfestes\/wp-content\/uploads\/sites\/26\/2023\/05\/logo_isom.png 310w, https:\/\/llefia.org\/wpfestes\/wp-content\/uploads\/sites\/26\/2023\/05\/logo_isom-300x158.png 300w\" sizes=\"(max-width: 310px) 100vw, 310px\" \/><\/figure><div class=\"wp-block-media-text__content\">\n<p class=\"has-normal-font-size\"><a href=\"https:\/\/www.isom.cat\/serveis\/serveis-intervencio-socioeducativa-sis\/\">ISOM Centre Obert Llefi\u00e0<\/a><\/p>\n<\/div><\/div>\n\n\n\n<div class=\"wp-block-media-text alignwide is-stacked-on-mobile\" style=\"grid-template-columns:15% auto\"><figure class=\"wp-block-media-text__media\"><img loading=\"lazy\" width=\"225\" height=\"105\" src=\"https:\/\/llefia.org\/wpfestes\/wp-content\/uploads\/sites\/26\/2025\/05\/La-CIma.png\" alt=\"\" class=\"wp-image-1764 size-full\"\/><\/figure><div class=\"wp-block-media-text__content\">\n<p class=\"has-normal-font-size\"><a href=\"https:\/\/lacima.top\/\">La Cima Club de deportes de monta\u00f1a<\/a><\/p>\n<\/div><\/div>\n\n\n\n<div style=\"height:20px\" aria-hidden=\"true\" class=\"wp-block-spacer\"><\/div>\n\n\n\n<div class=\"wp-block-media-text alignwide is-stacked-on-mobile\" style=\"grid-template-columns:15% auto\"><figure class=\"wp-block-media-text__media\"><img loading=\"lazy\" width=\"674\" height=\"800\" src=\"http:\/\/llefia.org\/wpfestes\/wp-content\/uploads\/sites\/26\/2020\/05\/logo_kapaoltis.png\" alt=\"Diables Kapaoltis\" class=\"wp-image-144 size-full\" srcset=\"https:\/\/llefia.org\/wpfestes\/wp-content\/uploads\/sites\/26\/2020\/05\/logo_kapaoltis.png 674w, https:\/\/llefia.org\/wpfestes\/wp-content\/uploads\/sites\/26\/2020\/05\/logo_kapaoltis-253x300.png 253w\" sizes=\"(max-width: 674px) 100vw, 674px\" \/><\/figure><div class=\"wp-block-media-text__content\">\n<p class=\"has-normal-font-size\"><a href=\"http:\/\/www.kapaoltis.cat\" target=\"_blank\" rel=\"noreferrer noopener\">Grup de Diables kapaoltis<\/a><\/p>\n<\/div><\/div>\n\n\n\n<div style=\"height:20px\" aria-hidden=\"true\" class=\"wp-block-spacer\"><\/div>\n\n\n\n<div class=\"wp-block-media-text alignwide is-stacked-on-mobile\" style=\"grid-template-columns:17% auto\"><figure class=\"wp-block-media-text__media\"><img loading=\"lazy\" width=\"440\" height=\"114\" src=\"http:\/\/llefia.org\/wpfestes\/wp-content\/uploads\/sites\/26\/2020\/05\/cercle_artistic.png\" alt=\"\" class=\"wp-image-140 size-full\" srcset=\"https:\/\/llefia.org\/wpfestes\/wp-content\/uploads\/sites\/26\/2020\/05\/cercle_artistic.png 440w, https:\/\/llefia.org\/wpfestes\/wp-content\/uploads\/sites\/26\/2020\/05\/cercle_artistic-300x78.png 300w, https:\/\/llefia.org\/wpfestes\/wp-content\/uploads\/sites\/26\/2020\/05\/cercle_artistic-436x114.png 436w\" sizes=\"(max-width: 440px) 100vw, 440px\" \/><\/figure><div class=\"wp-block-media-text__content\">\n<p class=\"has-normal-font-size\">Cercle Art\u00edstic de Llefi\u00e0<\/p>\n<\/div><\/div>\n\n\n\n<div style=\"height:20px\" aria-hidden=\"true\" class=\"wp-block-spacer\"><\/div>\n\n\n\n<div class=\"wp-block-media-text alignwide is-stacked-on-mobile\" style=\"grid-template-columns:15% auto\"><figure class=\"wp-block-media-text__media\"><img loading=\"lazy\" width=\"960\" height=\"951\" src=\"http:\/\/llefia.org\/wpfestes\/wp-content\/uploads\/sites\/26\/2020\/05\/dones_de_llefia.jpg\" alt=\"\" class=\"wp-image-141 size-full\" srcset=\"https:\/\/llefia.org\/wpfestes\/wp-content\/uploads\/sites\/26\/2020\/05\/dones_de_llefia.jpg 960w, https:\/\/llefia.org\/wpfestes\/wp-content\/uploads\/sites\/26\/2020\/05\/dones_de_llefia-300x297.jpg 300w, https:\/\/llefia.org\/wpfestes\/wp-content\/uploads\/sites\/26\/2020\/05\/dones_de_llefia-150x150.jpg 150w, https:\/\/llefia.org\/wpfestes\/wp-content\/uploads\/sites\/26\/2020\/05\/dones_de_llefia-768x761.jpg 768w\" sizes=\"(max-width: 960px) 100vw, 960px\" \/><\/figure><div class=\"wp-block-media-text__content\">\n<p class=\"has-normal-font-size\">Dones de Llefi\u00e0<\/p>\n<\/div><\/div>\n\n\n\n<div style=\"height:20px\" aria-hidden=\"true\" class=\"wp-block-spacer\"><\/div>\n\n\n\n<div class=\"wp-block-media-text alignwide is-stacked-on-mobile\" style=\"grid-template-columns:15% auto\"><figure class=\"wp-block-media-text__media\"><img loading=\"lazy\" width=\"500\" height=\"415\" src=\"http:\/\/llefia.org\/wpfestes\/wp-content\/uploads\/sites\/26\/2020\/05\/llefianet_logo2_500px.png\" alt=\"\" class=\"wp-image-143 size-full\" srcset=\"https:\/\/llefia.org\/wpfestes\/wp-content\/uploads\/sites\/26\/2020\/05\/llefianet_logo2_500px.png 500w, https:\/\/llefia.org\/wpfestes\/wp-content\/uploads\/sites\/26\/2020\/05\/llefianet_logo2_500px-300x249.png 300w\" sizes=\"(max-width: 500px) 100vw, 500px\" \/><\/figure><div class=\"wp-block-media-text__content\">\n<p class=\"has-normal-font-size\"><a rel=\"noreferrer noopener\" href=\"http:\/\/www.llefia.org\" target=\"_blank\">Llefi@Net Xarxa Ciutadana<\/a><\/p>\n<\/div><\/div>\n\n\n\n<div style=\"height:20px\" aria-hidden=\"true\" class=\"wp-block-spacer\"><\/div>\n\n\n\n<div class=\"wp-block-media-text alignwide is-stacked-on-mobile\" style=\"grid-template-columns:15% auto\"><figure class=\"wp-block-media-text__media\"><img loading=\"lazy\" width=\"314\" height=\"165\" src=\"http:\/\/llefia.org\/wpfestes\/wp-content\/uploads\/sites\/26\/2020\/05\/arxiu_llefia.png\" alt=\"\" class=\"wp-image-148 size-full\" srcset=\"https:\/\/llefia.org\/wpfestes\/wp-content\/uploads\/sites\/26\/2020\/05\/arxiu_llefia.png 314w, https:\/\/llefia.org\/wpfestes\/wp-content\/uploads\/sites\/26\/2020\/05\/arxiu_llefia-300x158.png 300w\" sizes=\"(max-width: 314px) 100vw, 314px\" \/><\/figure><div class=\"wp-block-media-text__content\">\n<p class=\"has-normal-font-size\"><a rel=\"noreferrer noopener\" href=\"http:\/\/www.arxiu.llefia.org\" target=\"_blank\">Arxiu Hist\u00f2ric de Llefi\u00e0<\/a><\/p>\n<\/div><\/div>\n\n\n\n<div style=\"height:20px\" aria-hidden=\"true\" class=\"wp-block-spacer\"><\/div>\n\n\n\n<div class=\"wp-block-media-text alignwide is-stacked-on-mobile\" style=\"grid-template-columns:15% auto\"><figure class=\"wp-block-media-text__media\"><img loading=\"lazy\" width=\"181\" height=\"161\" src=\"http:\/\/llefia.org\/wpfestes\/wp-content\/uploads\/sites\/26\/2020\/05\/Logo_Termites.jpg\" alt=\"\" class=\"wp-image-145 size-full\"\/><\/figure><div class=\"wp-block-media-text__content\">\n<p class=\"has-normal-font-size\"><a rel=\"noreferrer noopener\" href=\"http:\/\/www.llefia.org\/wpbitlles\/\" target=\"_blank\">Club de Bitlles Termites de Llefi\u00e0<\/a><\/p>\n<\/div><\/div>\n\n\n\n<div style=\"height:20px\" aria-hidden=\"true\" class=\"wp-block-spacer\"><\/div>\n\n\n\n<div class=\"wp-block-media-text alignwide is-stacked-on-mobile\" style=\"grid-template-columns:15% auto\"><figure class=\"wp-block-media-text__media\"><img loading=\"lazy\" width=\"138\" height=\"97\" src=\"http:\/\/llefia.org\/wpfestes\/wp-content\/uploads\/sites\/26\/2020\/06\/ampajulia.png\" alt=\"\" class=\"wp-image-424 size-full\"\/><\/figure><div class=\"wp-block-media-text__content\">\n<p class=\"has-normal-font-size\"><a href=\"https:\/\/agora.xtec.cat\/iesjuliaminguell\/\" target=\"_blank\" rel=\"noreferrer noopener\">AMPA IES J\u00falia Minguell<\/a><\/p>\n<\/div><\/div>\n\n\n\n<div style=\"height:20px\" aria-hidden=\"true\" class=\"wp-block-spacer\"><\/div>\n\n\n\n<div class=\"wp-block-media-text alignwide is-stacked-on-mobile\" style=\"grid-template-columns:15% auto\"><figure class=\"wp-block-media-text__media\"><img loading=\"lazy\" width=\"221\" height=\"176\" src=\"http:\/\/llefia.org\/wpfestes\/wp-content\/uploads\/sites\/26\/2020\/05\/logocole.jpg\" alt=\"\" class=\"wp-image-257 size-full\"\/><\/figure><div class=\"wp-block-media-text__content\">\n<p class=\"has-normal-font-size\"><a rel=\"noreferrer noopener\" href=\"http:\/\/www.xtec.cat\/ceiprafaelcasanova\/\" target=\"_blank\">AMPA Escola Rafael Casanova<\/a><\/p>\n<\/div><\/div>\n\n\n\n<div style=\"height:20px\" aria-hidden=\"true\" class=\"wp-block-spacer\"><\/div>\n\n\n\n<div style=\"height:20px\" aria-hidden=\"true\" class=\"wp-block-spacer\"><\/div>\n\n\n\n<div class=\"wp-block-media-text alignwide is-stacked-on-mobile\" style=\"grid-template-columns:15% auto\"><figure class=\"wp-block-media-text__media\"><img loading=\"lazy\" width=\"320\" height=\"320\" src=\"http:\/\/llefia.org\/wpfestes\/wp-content\/uploads\/sites\/26\/2020\/05\/logoAgarimos.jpg\" alt=\"\" class=\"wp-image-258 size-full\" srcset=\"https:\/\/llefia.org\/wpfestes\/wp-content\/uploads\/sites\/26\/2020\/05\/logoAgarimos.jpg 320w, https:\/\/llefia.org\/wpfestes\/wp-content\/uploads\/sites\/26\/2020\/05\/logoAgarimos-300x300.jpg 300w, https:\/\/llefia.org\/wpfestes\/wp-content\/uploads\/sites\/26\/2020\/05\/logoAgarimos-150x150.jpg 150w\" sizes=\"(max-width: 320px) 100vw, 320px\" \/><\/figure><div class=\"wp-block-media-text__content\">\n<p class=\"has-normal-font-size\">Agrupaci\u00f3 Gallega Agarimos<\/p>\n<\/div><\/div>\n\n\n\n<div style=\"height:20px\" aria-hidden=\"true\" class=\"wp-block-spacer\"><\/div>\n\n\n\n<div class=\"wp-block-media-text alignwide is-stacked-on-mobile\" style=\"grid-template-columns:15% auto\"><figure class=\"wp-block-media-text__media\"><img loading=\"lazy\" width=\"496\" height=\"646\" src=\"http:\/\/llefia.org\/wpfestes\/wp-content\/uploads\/sites\/26\/2020\/06\/ateneu.jpg\" alt=\"\" class=\"wp-image-451 size-full\" srcset=\"https:\/\/llefia.org\/wpfestes\/wp-content\/uploads\/sites\/26\/2020\/06\/ateneu.jpg 496w, https:\/\/llefia.org\/wpfestes\/wp-content\/uploads\/sites\/26\/2020\/06\/ateneu-230x300.jpg 230w\" sizes=\"(max-width: 496px) 100vw, 496px\" \/><\/figure><div class=\"wp-block-media-text__content\">\n<p class=\"has-normal-font-size\">Ateneu Cultural de Llefi\u00e0<\/p>\n<\/div><\/div>\n\n\n\n<div style=\"height:20px\" aria-hidden=\"true\" class=\"wp-block-spacer\"><\/div>\n\n\n\n<div class=\"wp-block-media-text alignwide is-stacked-on-mobile\" style=\"grid-template-columns:15% auto\"><figure class=\"wp-block-media-text__media\"><img loading=\"lazy\" width=\"180\" height=\"240\" src=\"http:\/\/llefia.org\/wpfestes\/wp-content\/uploads\/sites\/26\/2020\/06\/ampabotey.jpg\" alt=\"\" class=\"wp-image-449 size-full\"\/><\/figure><div class=\"wp-block-media-text__content\">\n<p class=\"has-normal-font-size\">AMPA Escola Antoni Botey<\/p>\n<\/div><\/div>\n\n\n\n<div style=\"height:20px\" aria-hidden=\"true\" class=\"wp-block-spacer\"><\/div>\n\n\n\n<div class=\"wp-block-media-text alignwide is-stacked-on-mobile\" style=\"grid-template-columns:15% auto\"><figure class=\"wp-block-media-text__media\"><img loading=\"lazy\" width=\"471\" height=\"471\" src=\"http:\/\/llefia.org\/wpfestes\/wp-content\/uploads\/sites\/26\/2020\/06\/ampapere.jpg\" alt=\"\" class=\"wp-image-450 size-full\" srcset=\"https:\/\/llefia.org\/wpfestes\/wp-content\/uploads\/sites\/26\/2020\/06\/ampapere.jpg 471w, https:\/\/llefia.org\/wpfestes\/wp-content\/uploads\/sites\/26\/2020\/06\/ampapere-300x300.jpg 300w, https:\/\/llefia.org\/wpfestes\/wp-content\/uploads\/sites\/26\/2020\/06\/ampapere-150x150.jpg 150w\" sizes=\"(max-width: 471px) 100vw, 471px\" \/><\/figure><div class=\"wp-block-media-text__content\">\n<p class=\"has-normal-font-size\">AMPA Escola Pere de Tera<\/p>\n<\/div><\/div>\n\n\n\n<div style=\"height:20px\" aria-hidden=\"true\" class=\"wp-block-spacer\"><\/div>\n\n\n\n<div class=\"wp-block-media-text alignwide is-stacked-on-mobile\" style=\"grid-template-columns:15% auto\"><figure class=\"wp-block-media-text__media\"><img loading=\"lazy\" width=\"400\" height=\"400\" src=\"http:\/\/llefia.org\/wpfestes\/wp-content\/uploads\/sites\/26\/2020\/06\/logoMijac.jpg\" alt=\"\" class=\"wp-image-455 size-full\" srcset=\"https:\/\/llefia.org\/wpfestes\/wp-content\/uploads\/sites\/26\/2020\/06\/logoMijac.jpg 400w, https:\/\/llefia.org\/wpfestes\/wp-content\/uploads\/sites\/26\/2020\/06\/logoMijac-300x300.jpg 300w, https:\/\/llefia.org\/wpfestes\/wp-content\/uploads\/sites\/26\/2020\/06\/logoMijac-150x150.jpg 150w\" sizes=\"(max-width: 400px) 100vw, 400px\" \/><\/figure><div class=\"wp-block-media-text__content\">\n<p class=\"has-normal-font-size\">MIJAC<\/p>\n<\/div><\/div>\n\n\n\n<div style=\"height:20px\" aria-hidden=\"true\" class=\"wp-block-spacer\"><\/div>\n\n\n\n<div class=\"wp-block-media-text alignwide is-stacked-on-mobile\" style=\"grid-template-columns:22% auto\"><figure class=\"wp-block-media-text__media\"><img loading=\"lazy\" width=\"1024\" height=\"530\" src=\"http:\/\/llefia.org\/wpfestes\/wp-content\/uploads\/sites\/26\/2020\/06\/logoParroquia-1024x530.jpg\" alt=\"\" class=\"wp-image-454 size-full\" srcset=\"https:\/\/llefia.org\/wpfestes\/wp-content\/uploads\/sites\/26\/2020\/06\/logoParroquia-1024x530.jpg 1024w, https:\/\/llefia.org\/wpfestes\/wp-content\/uploads\/sites\/26\/2020\/06\/logoParroquia-300x155.jpg 300w, https:\/\/llefia.org\/wpfestes\/wp-content\/uploads\/sites\/26\/2020\/06\/logoParroquia-768x397.jpg 768w, https:\/\/llefia.org\/wpfestes\/wp-content\/uploads\/sites\/26\/2020\/06\/logoParroquia-1536x795.jpg 1536w, https:\/\/llefia.org\/wpfestes\/wp-content\/uploads\/sites\/26\/2020\/06\/logoParroquia.jpg 1728w\" sizes=\"(max-width: 1024px) 100vw, 1024px\" \/><\/figure><div class=\"wp-block-media-text__content\">\n<p class=\"has-normal-font-size\">Parr\u00f2quia de Sant Antoni de P\u00e0dua<\/p>\n<\/div><\/div>\n\n\n\n<div style=\"height:20px\" aria-hidden=\"true\" class=\"wp-block-spacer\"><\/div>\n\n\n\n<p class=\"has-text-align-left\">Col\u00b7labora:   <img loading=\"lazy\" width=\"1600\" height=\"519\" class=\"wp-image-402\" style=\"width: 150px\" src=\"http:\/\/llefia.org\/wpfestes\/wp-content\/uploads\/sites\/26\/2020\/06\/logo_gran_comissi\u00f3_cultura.jpg\" alt=\"\" srcset=\"https:\/\/llefia.org\/wpfestes\/wp-content\/uploads\/sites\/26\/2020\/06\/logo_gran_comissi\u00f3_cultura.jpg 1600w, https:\/\/llefia.org\/wpfestes\/wp-content\/uploads\/sites\/26\/2020\/06\/logo_gran_comissi\u00f3_cultura-300x97.jpg 300w, https:\/\/llefia.org\/wpfestes\/wp-content\/uploads\/sites\/26\/2020\/06\/logo_gran_comissi\u00f3_cultura-1024x332.jpg 1024w, https:\/\/llefia.org\/wpfestes\/wp-content\/uploads\/sites\/26\/2020\/06\/logo_gran_comissi\u00f3_cultura-768x249.jpg 768w, https:\/\/llefia.org\/wpfestes\/wp-content\/uploads\/sites\/26\/2020\/06\/logo_gran_comissi\u00f3_cultura-1536x498.jpg 1536w\" sizes=\"(max-width: 1600px) 100vw, 1600px\" \/><\/p>\n","protected":false},"excerpt":{"rendered":"<p>Associaci\u00f3 de Ve\u00efnes i Ve\u00efns de Sant Antoni de Llefi\u00e0 Casal dels Infants per l&#8217;acci\u00f3 social als barris ISOM Centre Obert Llefi\u00e0 La Cima Club de deportes de monta\u00f1a Grup de Diables kapaoltis Cercle Art\u00edstic de Llefi\u00e0 Dones de Llefi\u00e0 Llefi@Net Xarxa Ciutadana Arxiu Hist\u00f2ric de Llefi\u00e0 Club de Bitlles Termites de Llefi\u00e0 AMPA IES [&hellip;]<\/p>\n","protected":false},"author":45,"featured_media":44,"parent":0,"menu_order":0,"comment_status":"closed","ping_status":"closed","template":"","meta":[],"_links":{"self":[{"href":"https:\/\/llefia.org\/wpfestes\/wp-json\/wp\/v2\/pages\/27"}],"collection":[{"href":"https:\/\/llefia.org\/wpfestes\/wp-json\/wp\/v2\/pages"}],"about":[{"href":"https:\/\/llefia.org\/wpfestes\/wp-json\/wp\/v2\/types\/page"}],"author":[{"embeddable":true,"href":"https:\/\/llefia.org\/wpfestes\/wp-json\/wp\/v2\/users\/45"}],"replies":[{"embeddable":true,"href":"https:\/\/llefia.org\/wpfestes\/wp-json\/wp\/v2\/comments?post=27"}],"version-history":[{"count":32,"href":"https:\/\/llefia.org\/wpfestes\/wp-json\/wp\/v2\/pages\/27\/revisions"}],"predecessor-version":[{"id":1765,"href":"https:\/\/llefia.org\/wpfestes\/wp-json\/wp\/v2\/pages\/27\/revisions\/1765"}],"wp:featuredmedia":[{"embeddable":true,"href":"https:\/\/llefia.org\/wpfestes\/wp-json\/wp\/v2\/media\/44"}],"wp:attachment":[{"href":"https:\/\/llefia.org\/wpfestes\/wp-json\/wp\/v2\/media?parent=27"}],"curies":[{"name":"wp","href":"https:\/\/api.w.org\/{rel}","templated":true}]}}