{"id":470,"date":"2020-06-06T00:59:28","date_gmt":"2020-06-05T22:59:28","guid":{"rendered":"http:\/\/llefia.org\/wpfestes\/?page_id=470"},"modified":"2020-06-07T18:59:16","modified_gmt":"2020-06-07T16:59:16","slug":"mostra-dentitats-virtual","status":"publish","type":"page","link":"https:\/\/llefia.org\/wpfestes\/mostra-dentitats-virtual\/","title":{"rendered":"Mostra d&#8217;Entitats virtual"},"content":{"rendered":"\n<p>Aquest espai virtual de la Mostra d&#8217;Entitats ens permetr\u00e0 con\u00e8ixer les associacions i iniciatives de Llefi\u00e0 i de Badalona, a trav\u00e9s d\u2019un recorregut videogr\u00e0fic . Amb aquesta navegaci\u00f3 virtual pretenem simular la experi\u00e8ncia d\u2019una ciutadana que assisteix a la tradicional Mostra de la Pla\u00e7a Trafalgar i fa un recorregut per la mateixa coneixent a les entitats i associacions.<\/p>\n\n\n\n<div class=\"wp-container-1 wp-block-group\"><div class=\"wp-block-group__inner-container\">\n<figure class=\"wp-block-embed-youtube wp-block-embed is-type-video is-provider-youtube wp-embed-aspect-16-9 wp-has-aspect-ratio\"><div class=\"wp-block-embed__wrapper\">\n<iframe loading=\"lazy\" title=\"Mostra d&#039;Entitats\" width=\"720\" height=\"405\" src=\"https:\/\/www.youtube.com\/embed\/videoseries?list=PL8GfijI9gYPtOd_To80ecdEoubOJDjB_1\" frameborder=\"0\" allow=\"accelerometer; autoplay; encrypted-media; gyroscope; picture-in-picture\" allowfullscreen><\/iframe>\n<\/div><\/figure>\n<\/div><\/div>\n\n\n\n<p>Gr\u00e0cies als <a href=\"https:\/\/llefia.org\/wpfestes\/entitats-2\/\">participants en aquesta Mostra d&#8217;Entitats Virtual de Llefi\u00e0<\/a>:  Associaci\u00f3 d&#8217;Esports de Muntanya de Llefi\u00e0, Cercle Art\u00edstic de Llefi\u00e0, Asociaci\u00f3n Ecometta, Centre de Formaci\u00f3 d&#8217;Adults Gran Sol, Espai Social Badalona Llefi\u00e0 (Fundaci\u00f3 Catalunya La Pedrera), Companyia teatral M\u00e0gic Empenta, Fundaci\u00f3 La Salut Alta, Arxiu Hist\u00f2ric de Llefi\u00e0, Ampa J\u00falia Minguell, Grup de Dones de Llefi\u00e0, Grup de Diables Kapaoltis, Ateneu Cultural de Llefi\u00e0, Associaci\u00f3 de Malalts i Trasplantats Hep\u00e0tics de Catalunya, Associaci\u00f3 Alcalde Xifr\u00e9, Agrupaci\u00f3 Cultural Agarimos, Biblioteca Xavier Soto de Llefi\u00e0, Espai de dones de la Parr\u00f2quia de Sant Antoni, Ciudadan@s ayudar y ser ayudadas, Grup de l&#8217;Amistat de la Parr\u00f2quia de Sant Antoni, Casal del Infants, AVV Sant Antoni de Llefi\u00e0.<\/p>\n","protected":false},"excerpt":{"rendered":"<p>Aquest espai virtual de la Mostra d&#8217;Entitats ens permetr\u00e0 con\u00e8ixer les associacions i iniciatives de Llefi\u00e0 i de Badalona, a trav\u00e9s d\u2019un recorregut videogr\u00e0fic . Amb aquesta navegaci\u00f3 virtual pretenem simular la experi\u00e8ncia d\u2019una ciutadana que assisteix a la tradicional Mostra de la Pla\u00e7a Trafalgar i fa un recorregut per la mateixa coneixent a les [&hellip;]<\/p>\n","protected":false},"author":45,"featured_media":0,"parent":0,"menu_order":0,"comment_status":"closed","ping_status":"closed","template":"","meta":[],"_links":{"self":[{"href":"https:\/\/llefia.org\/wpfestes\/wp-json\/wp\/v2\/pages\/470"}],"collection":[{"href":"https:\/\/llefia.org\/wpfestes\/wp-json\/wp\/v2\/pages"}],"about":[{"href":"https:\/\/llefia.org\/wpfestes\/wp-json\/wp\/v2\/types\/page"}],"author":[{"embeddable":true,"href":"https:\/\/llefia.org\/wpfestes\/wp-json\/wp\/v2\/users\/45"}],"replies":[{"embeddable":true,"href":"https:\/\/llefia.org\/wpfestes\/wp-json\/wp\/v2\/comments?post=470"}],"version-history":[{"count":12,"href":"https:\/\/llefia.org\/wpfestes\/wp-json\/wp\/v2\/pages\/470\/revisions"}],"predecessor-version":[{"id":620,"href":"https:\/\/llefia.org\/wpfestes\/wp-json\/wp\/v2\/pages\/470\/revisions\/620"}],"wp:attachment":[{"href":"https:\/\/llefia.org\/wpfestes\/wp-json\/wp\/v2\/media?parent=470"}],"curies":[{"name":"wp","href":"https:\/\/api.w.org\/{rel}","templated":true}]}}