{"id":30,"date":"2012-06-18T14:45:13","date_gmt":"2012-06-18T14:45:13","guid":{"rendered":"http:\/\/llefia.org\/blog\/forum\/?page_id=30"},"modified":"2024-06-25T19:16:08","modified_gmt":"2024-06-25T19:16:08","slug":"que-es","status":"publish","type":"page","link":"https:\/\/llefia.org\/wpforum\/que-es\/","title":{"rendered":"Qu\u00e8 \u00e9s?"},"content":{"rendered":"<p><a href=\"https:\/\/llefia.org\/wpforum\/wp-content\/uploads\/sites\/10\/2012\/06\/capturador1.gif\" data-rel=\"lightbox-image-0\" data-rl_title=\"\" data-rl_caption=\"\" title=\"\"><img loading=\"lazy\" class=\"alignleft wp-image-77 size-thumbnail\" title=\"capturador\" src=\"https:\/\/llefia.org\/wpforum\/wp-content\/uploads\/sites\/10\/2012\/06\/capturador1-150x150.gif\" alt=\"\" width=\"150\" height=\"150\" srcset=\"https:\/\/llefia.org\/wpforum\/wp-content\/uploads\/sites\/10\/2012\/06\/capturador1-150x150.gif 150w, https:\/\/llefia.org\/wpforum\/wp-content\/uploads\/sites\/10\/2012\/06\/capturador1-100x100.gif 100w\" sizes=\"(max-width: 150px) 100vw, 150px\" \/><\/a>El F\u00f2rum TIC Llefi\u00e0 Badalona \u00e9s una jornada que t\u00e9 la voluntat d&#8217;apropar les noves tecnologies a les associacions, entitats, i ve\u00efns del barri de Llefi\u00e0 i de la ciutat de Badalona, amb l&#8217;objectiu d&#8217;\u00e9sser un espai de trobada que permeti socialitzar experi\u00e8ncies i coneixements de diferents projectes que relacionen les noves tecnologies i la seva vessant social.<\/p>\n<p>Des fa m\u00e9s de vint i quatre anys promogut per <a href=\"http:\/\/www.llefia.org\">http:\/\/www.llefia.org<\/a> i amb col\u00b7laboraci\u00f3 d&#8217;associacions i entitats, \u00a0es realitza habitualment en el marc de la Pla\u00e7a Trafalgar, a l&#8217;aire lliure, per tal d&#8217;apropar encara m\u00e9s les activitats a l&#8217;espai p\u00fablic que compartim entre tots els ciutadans de la ciutat.<\/p>\n","protected":false},"excerpt":{"rendered":"<p>El F\u00f2rum TIC Llefi\u00e0 Badalona \u00e9s una jornada que t\u00e9 la voluntat d&#8217;apropar les noves tecnologies a les associacions, entitats, i ve\u00efns del barri de Llefi\u00e0 i de la ciutat de Badalona, amb l&#8217;objectiu d&#8217;\u00e9sser un espai de trobada que permeti socialitzar experi\u00e8ncies i coneixements de diferents projectes que relacionen les noves tecnologies i la [&hellip;]<\/p>\n","protected":false},"author":1,"featured_media":0,"parent":0,"menu_order":0,"comment_status":"closed","ping_status":"closed","template":"","meta":[],"_links":{"self":[{"href":"https:\/\/llefia.org\/wpforum\/wp-json\/wp\/v2\/pages\/30"}],"collection":[{"href":"https:\/\/llefia.org\/wpforum\/wp-json\/wp\/v2\/pages"}],"about":[{"href":"https:\/\/llefia.org\/wpforum\/wp-json\/wp\/v2\/types\/page"}],"author":[{"embeddable":true,"href":"https:\/\/llefia.org\/wpforum\/wp-json\/wp\/v2\/users\/1"}],"replies":[{"embeddable":true,"href":"https:\/\/llefia.org\/wpforum\/wp-json\/wp\/v2\/comments?post=30"}],"version-history":[{"count":5,"href":"https:\/\/llefia.org\/wpforum\/wp-json\/wp\/v2\/pages\/30\/revisions"}],"predecessor-version":[{"id":1958,"href":"https:\/\/llefia.org\/wpforum\/wp-json\/wp\/v2\/pages\/30\/revisions\/1958"}],"wp:attachment":[{"href":"https:\/\/llefia.org\/wpforum\/wp-json\/wp\/v2\/media?parent=30"}],"curies":[{"name":"wp","href":"https:\/\/api.w.org\/{rel}","templated":true}]}}