{"id":12,"date":"2019-03-11T17:43:18","date_gmt":"2019-03-11T15:43:18","guid":{"rendered":"http:\/\/llefia.org\/wptrafalgar\/?page_id=12"},"modified":"2022-02-12T13:52:05","modified_gmt":"2022-02-12T11:52:05","slug":"jardineria","status":"publish","type":"page","link":"https:\/\/llefia.org\/wptrafalgar\/jardineria\/","title":{"rendered":"Jardineria Fase I"},"content":{"rendered":"<p>Aqu\u00ed teniu una mostra de la vegetaci\u00f3 que tindr\u00e0 la zona en aquesta primera fase de remodelaci\u00f3 de la Pla\u00e7a Trafalgar.<\/p>\n\n\t\t<div id='gallery-1' class='gallery galleryid-12 gallery-columns-1 gallery-size-medium gallery1'><script type=\"text\/javascript\">\r\n\/\/ <![CDATA[\r\n\tjQuery(document).ready(function () {\r\n\t\tjQuery(\".gallery1 a\").attr(\"rel\",\"gallery1\");\t\r\n\t\tjQuery('a[rel=\"gallery1\"]').colorbox({maxWidth:\"95%\", maxHeight:\"95%\",title: function(){ return jQuery(this).children().attr(\"alt\"); }, });\r\n\t});\r\n\/\/ ]]>\r\n<\/script>\n<figure class=\"gallery-item\">\n<div class=\"gallery-icon\">\r\n<a href=\"https:\/\/llefia.org\/wptrafalgar\/wp-content\/uploads\/sites\/22\/2019\/03\/Arbrat-300x194.jpg\" title=\"Tipus d&#039;arbres\" rel=\"gallery1\"><img src=\"https:\/\/llefia.org\/wptrafalgar\/wp-content\/uploads\/sites\/22\/2019\/03\/Arbrat-300x194.jpg\" width=\"300\" height=\"194\" alt=\"Tipus d&#039;arbres\" \/><\/a>\r\n<\/div><figcaption class=\"gallery-caption\" id=\"caption13\"><span class=\"imagecaption\">Tipus d'arbres<\/span><br \/>\n<\/figcaption><\/figure><figure class=\"gallery-item\">\n<div class=\"gallery-icon\">\r\n<a href=\"https:\/\/llefia.org\/wptrafalgar\/wp-content\/uploads\/sites\/22\/2019\/03\/Arbustiva_1-241x300.jpg\" title=\"Arbustos \" rel=\"gallery1\"><img src=\"https:\/\/llefia.org\/wptrafalgar\/wp-content\/uploads\/sites\/22\/2019\/03\/Arbustiva_1-241x300.jpg\" width=\"241\" height=\"300\" alt=\"Arbustos \" \/><\/a>\r\n<\/div><figcaption class=\"gallery-caption\" id=\"caption14\"><span class=\"imagecaption\">Arbustos <\/span><br \/>\n<\/figcaption><\/figure><figure class=\"gallery-item\">\n<div class=\"gallery-icon\">\r\n<a href=\"https:\/\/llefia.org\/wptrafalgar\/wp-content\/uploads\/sites\/22\/2019\/03\/Arbustiva_2-300x183.jpg\" title=\"Arbustos\" rel=\"gallery1\"><img src=\"https:\/\/llefia.org\/wptrafalgar\/wp-content\/uploads\/sites\/22\/2019\/03\/Arbustiva_2-300x183.jpg\" width=\"300\" height=\"183\" alt=\"Arbustos\" \/><\/a>\r\n<\/div><figcaption class=\"gallery-caption\" id=\"caption15\"><span class=\"imagecaption\">Arbustos<\/span><br \/>\n<\/figcaption><\/figure><figure class=\"gallery-item\">\n<div class=\"gallery-icon\">\r\n<a href=\"https:\/\/llefia.org\/wptrafalgar\/wp-content\/uploads\/sites\/22\/2019\/03\/endiladisses-300x193.jpg\" title=\"Plantes enfiladisses\" rel=\"gallery1\"><img src=\"https:\/\/llefia.org\/wptrafalgar\/wp-content\/uploads\/sites\/22\/2019\/03\/endiladisses-300x193.jpg\" width=\"300\" height=\"193\" alt=\"Plantes enfiladisses\" \/><\/a>\r\n<\/div><figcaption class=\"gallery-caption\" id=\"caption16\"><span class=\"imagecaption\">Plantes enfiladisses<\/span><br \/>\n<\/figcaption><\/figure>\r\n\t\t<\/div>\n\n","protected":false},"excerpt":{"rendered":"<p>Aqu\u00ed teniu una mostra de la vegetaci\u00f3 que tindr\u00e0 la zona en aquesta primera fase de remodelaci\u00f3 de la Pla\u00e7a Trafalgar.<\/p>\n","protected":false},"author":15,"featured_media":0,"parent":0,"menu_order":0,"comment_status":"closed","ping_status":"closed","template":"","meta":[],"_links":{"self":[{"href":"https:\/\/llefia.org\/wptrafalgar\/wp-json\/wp\/v2\/pages\/12"}],"collection":[{"href":"https:\/\/llefia.org\/wptrafalgar\/wp-json\/wp\/v2\/pages"}],"about":[{"href":"https:\/\/llefia.org\/wptrafalgar\/wp-json\/wp\/v2\/types\/page"}],"author":[{"embeddable":true,"href":"https:\/\/llefia.org\/wptrafalgar\/wp-json\/wp\/v2\/users\/15"}],"replies":[{"embeddable":true,"href":"https:\/\/llefia.org\/wptrafalgar\/wp-json\/wp\/v2\/comments?post=12"}],"version-history":[{"count":3,"href":"https:\/\/llefia.org\/wptrafalgar\/wp-json\/wp\/v2\/pages\/12\/revisions"}],"predecessor-version":[{"id":214,"href":"https:\/\/llefia.org\/wptrafalgar\/wp-json\/wp\/v2\/pages\/12\/revisions\/214"}],"wp:attachment":[{"href":"https:\/\/llefia.org\/wptrafalgar\/wp-json\/wp\/v2\/media?parent=12"}],"curies":[{"name":"wp","href":"https:\/\/api.w.org\/{rel}","templated":true}]}}