{"id":122,"date":"2019-03-12T02:38:11","date_gmt":"2019-03-12T00:38:11","guid":{"rendered":"http:\/\/llefia.org\/wptrafalgar\/?page_id=122"},"modified":"2022-02-12T15:08:06","modified_gmt":"2022-02-12T13:08:06","slug":"remodelacio","status":"publish","type":"page","link":"https:\/\/llefia.org\/wptrafalgar\/remodelacio\/","title":{"rendered":"Remodelaci\u00f3"},"content":{"rendered":"<p>La transformaci\u00f3 de la Pla\u00e7a Trafalgar s&#8217;ha projectat en diferents fases o \u00e0mbits d&#8217;actuaci\u00f3, s&#8217;han finalitzat les obres de la primera fase de la remodelaci\u00f3 i l&#8217;equip de l&#8217;\u00c0rea Metropolitana de Barcelona va treballar en la fase de finalitzaci\u00f3 de la proposta de projecte de la segona fase, en la que es realitzar\u00e0 intervenci\u00f3 en la zona del rellotge. Darrerament l&#8217;Ajuntament ha decidit que far\u00e0 la proposta t\u00e8cnica de la segona fase.<\/p>\n<p>Aqu\u00ed teniu informaci\u00f3 sobre pressupost, adjudicatari, terminis i vistes de com ha quedat la primera fase i de les propostes de la segona fase:<\/p>\n<p><strong>Fase II<\/strong><\/p>\n<p><a href=\"https:\/\/llefia.org\/wptrafalgar\/propostes-planol-fase-ii\/\" target=\"_blank\" rel=\"noopener\">-Proposta inicial<\/a><\/p>\n<p><strong>Fase I (finalitzada)<\/strong><\/p>\n<p><a href=\"http:\/\/llefia.org\/wptrafalgar\/adjudicacio-obra\/\" target=\"_blank\" rel=\"noopener noreferrer\">-Pressupost i termini<\/a><\/p>\n<p><a href=\"http:\/\/llefia.org\/wptrafalgar\/planols\/\" target=\"_blank\" rel=\"noopener noreferrer\">-Pl\u00e0nols i vistes<\/a><\/p>\n<p><a href=\"http:\/\/llefia.org\/wptrafalgar\/jardineria\/\" target=\"_blank\" rel=\"noopener noreferrer\">Jardineria<\/a><\/p>\n","protected":false},"excerpt":{"rendered":"<p>La transformaci\u00f3 de la Pla\u00e7a Trafalgar s&#8217;ha projectat en diferents fases o \u00e0mbits d&#8217;actuaci\u00f3, s&#8217;han finalitzat les obres de la primera fase de la remodelaci\u00f3 i l&#8217;equip de l&#8217;\u00c0rea Metropolitana de Barcelona va treballar en la fase de finalitzaci\u00f3 de la proposta de projecte de la segona fase, en la que es realitzar\u00e0 intervenci\u00f3 en&hellip;<\/p>\n","protected":false},"author":15,"featured_media":0,"parent":0,"menu_order":0,"comment_status":"closed","ping_status":"closed","template":"","meta":[],"_links":{"self":[{"href":"https:\/\/llefia.org\/wptrafalgar\/wp-json\/wp\/v2\/pages\/122"}],"collection":[{"href":"https:\/\/llefia.org\/wptrafalgar\/wp-json\/wp\/v2\/pages"}],"about":[{"href":"https:\/\/llefia.org\/wptrafalgar\/wp-json\/wp\/v2\/types\/page"}],"author":[{"embeddable":true,"href":"https:\/\/llefia.org\/wptrafalgar\/wp-json\/wp\/v2\/users\/15"}],"replies":[{"embeddable":true,"href":"https:\/\/llefia.org\/wptrafalgar\/wp-json\/wp\/v2\/comments?post=122"}],"version-history":[{"count":8,"href":"https:\/\/llefia.org\/wptrafalgar\/wp-json\/wp\/v2\/pages\/122\/revisions"}],"predecessor-version":[{"id":237,"href":"https:\/\/llefia.org\/wptrafalgar\/wp-json\/wp\/v2\/pages\/122\/revisions\/237"}],"wp:attachment":[{"href":"https:\/\/llefia.org\/wptrafalgar\/wp-json\/wp\/v2\/media?parent=122"}],"curies":[{"name":"wp","href":"https:\/\/api.w.org\/{rel}","templated":true}]}}