{"id":126,"date":"2019-03-12T02:46:01","date_gmt":"2019-03-12T00:46:01","guid":{"rendered":"http:\/\/llefia.org\/wptrafalgar\/?page_id=126"},"modified":"2022-02-12T15:09:45","modified_gmt":"2022-02-12T13:09:45","slug":"documentacio-tecnica","status":"publish","type":"page","link":"https:\/\/llefia.org\/wptrafalgar\/documentacio-tecnica\/","title":{"rendered":"Documentaci\u00f3 t\u00e8cnica"},"content":{"rendered":"<p>Podeu consultar el recull de tota la informaci\u00f3 t\u00e8cnica de la proposta inicial de la segona fase i de l&#8217;obra de la primera fase del projecte de remodelaci\u00f3, expedient de contractaci\u00f3 p\u00fablica, mem\u00f2ria, pl\u00e0nols t\u00e8cnics\u2026<\/p>\n<p><strong>Fase II<\/strong><\/p>\n<p><a href=\"https:\/\/llefia.org\/wptrafalgar\/propostes-planol-fase-ii\/\" target=\"_blank\" rel=\"noopener\">Proposta inicial<\/a><\/p>\n<p><strong>Fase I<\/strong><\/p>\n<p>&#8211;<a href=\"https:\/\/contractaciopublica.gencat.cat\/ecofin_pscp\/AppJava\/awardnotice.pscp?reqCode=viewPcan&amp;idDoc=40289245&amp;lawType=3\" target=\"_blank\" rel=\"noopener noreferrer\">Expedient de Contractaci\u00f3 p\u00fablica<\/a><\/p>\n<p><a href=\"http:\/\/www3.amb.cat\/repositori\/CONTRACTACIO\/TRAFALGAR_1\/PL_Trafalgar_BDN_FASE1.pdf\" target=\"_blank\" rel=\"noopener noreferrer\">-Projecte t\u00e8cnic<\/a><\/p>\n","protected":false},"excerpt":{"rendered":"<p>Podeu consultar el recull de tota la informaci\u00f3 t\u00e8cnica de la proposta inicial de la segona fase i de l&#8217;obra de la primera fase del projecte de remodelaci\u00f3, expedient de contractaci\u00f3 p\u00fablica, mem\u00f2ria, pl\u00e0nols t\u00e8cnics\u2026 Fase II Proposta inicial Fase I &#8211;Expedient de Contractaci\u00f3 p\u00fablica -Projecte t\u00e8cnic<\/p>\n","protected":false},"author":15,"featured_media":0,"parent":0,"menu_order":0,"comment_status":"closed","ping_status":"closed","template":"","meta":[],"_links":{"self":[{"href":"https:\/\/llefia.org\/wptrafalgar\/wp-json\/wp\/v2\/pages\/126"}],"collection":[{"href":"https:\/\/llefia.org\/wptrafalgar\/wp-json\/wp\/v2\/pages"}],"about":[{"href":"https:\/\/llefia.org\/wptrafalgar\/wp-json\/wp\/v2\/types\/page"}],"author":[{"embeddable":true,"href":"https:\/\/llefia.org\/wptrafalgar\/wp-json\/wp\/v2\/users\/15"}],"replies":[{"embeddable":true,"href":"https:\/\/llefia.org\/wptrafalgar\/wp-json\/wp\/v2\/comments?post=126"}],"version-history":[{"count":5,"href":"https:\/\/llefia.org\/wptrafalgar\/wp-json\/wp\/v2\/pages\/126\/revisions"}],"predecessor-version":[{"id":239,"href":"https:\/\/llefia.org\/wptrafalgar\/wp-json\/wp\/v2\/pages\/126\/revisions\/239"}],"wp:attachment":[{"href":"https:\/\/llefia.org\/wptrafalgar\/wp-json\/wp\/v2\/media?parent=126"}],"curies":[{"name":"wp","href":"https:\/\/api.w.org\/{rel}","templated":true}]}}