{"id":9,"date":"2015-04-10T17:56:01","date_gmt":"2015-04-10T17:56:01","guid":{"rendered":"http:\/\/llefia.org\/blog\/tux\/?page_id=9"},"modified":"2015-04-10T17:56:01","modified_gmt":"2015-04-10T17:56:01","slug":"presentacio","status":"publish","type":"page","link":"https:\/\/llefia.org\/wptux\/presentacio\/","title":{"rendered":"Presentaci\u00f3"},"content":{"rendered":"<p align=\"JUSTIFY\">Esta iniciativa surge a partir de un correo electr\u00f3nico que se recibe a principios de enero de 2.015, en el que un vecino del barrio, usuario de Linux, propone la realizaci\u00f3n de alg\u00fan evento que promueva su uso. En la asociaci\u00f3n de vecinos junto con \u201cLlefi@net Xarxa Ciudadana\u201d ya ten\u00edan en mente este punto y en el pasado se hab\u00edan realizado algunos actos e incluso el telecentro del barrio trabaja con sistemas Linux. Tras varias reuniones de trabajo nos encontramos aqu\u00ed.<\/p>\n<p align=\"JUSTIFY\">Desde esta web pretendemos acercar el uso de las TIC o tecnolog\u00edas de la informaci\u00f3n al resto de la ciudadan\u00eda, y aunque esta iniciativa nace en el barrio de Llefia de Badalona la hacemos extensiva a toda la ciudad y a toda persona que lo necesite. En este espacio se publicar\u00e1n noticias y tutoriales con el prop\u00f3sito de fomentar el uso de software libre y formatos abiertos as\u00ed como servir de plataforma para coordinar actividades, talleres y charlas que den a conocer y acerquen estas tecnolog\u00edas a los vecin@s.<\/p>\n<p align=\"JUSTIFY\">El software libre y los est\u00e1ndares abiertos democratizan el uso del software, evitan monopolios y aseguran que ninguna compa\u00f1\u00eda pueda secuestrar nuestro ordenador. Los que usamos software libre en general y Linux en particular, sabemos que no hay nada que no se pueda hacer igual que se har\u00eda con windows o productos de pago. Conocedores que los primeros pasos son los m\u00e1s dif\u00edciles y que la reticencia al cambio es un gran handicap ofrecemos nuestro apoyo y experiencia a quien lo necesite.<\/p>\n<p align=\"JUSTIFY\">Si ya eres usuari@ y quieres contribuir al grupo puedes ayudarnos a crecer con tus aportaciones. O si simplemente est\u00e1s interesado en el software libre y quieres aprender m\u00e1s no dudes en <a href=\"http:\/\/llefia.org\/blog\/tux\/contactar\/\" target=\"_blank\">ponerte en contacto con nosotros<\/a>.<\/p>\n","protected":false},"excerpt":{"rendered":"<p>Esta iniciativa surge a partir de un correo electr\u00f3nico que se recibe a principios de enero de 2.015, en el<\/p>\n","protected":false},"author":1,"featured_media":0,"parent":0,"menu_order":0,"comment_status":"closed","ping_status":"closed","template":"","meta":[],"_links":{"self":[{"href":"https:\/\/llefia.org\/wptux\/wp-json\/wp\/v2\/pages\/9"}],"collection":[{"href":"https:\/\/llefia.org\/wptux\/wp-json\/wp\/v2\/pages"}],"about":[{"href":"https:\/\/llefia.org\/wptux\/wp-json\/wp\/v2\/types\/page"}],"author":[{"embeddable":true,"href":"https:\/\/llefia.org\/wptux\/wp-json\/wp\/v2\/users\/1"}],"replies":[{"embeddable":true,"href":"https:\/\/llefia.org\/wptux\/wp-json\/wp\/v2\/comments?post=9"}],"version-history":[{"count":0,"href":"https:\/\/llefia.org\/wptux\/wp-json\/wp\/v2\/pages\/9\/revisions"}],"wp:attachment":[{"href":"https:\/\/llefia.org\/wptux\/wp-json\/wp\/v2\/media?parent=9"}],"curies":[{"name":"wp","href":"https:\/\/api.w.org\/{rel}","templated":true}]}}